{"id":9246,"date":"2023-11-06T14:48:21","date_gmt":"2023-11-06T14:48:21","guid":{"rendered":"https:\/\/polorto.com.pl\/?page_id=9246"},"modified":"2023-11-06T14:48:21","modified_gmt":"2023-11-06T14:48:21","slug":"nitanium-palatal-expander-2","status":"publish","type":"page","link":"https:\/\/polorto.com.pl\/en\/nitanium-palatal-expander-2\/","title":{"rendered":"Nitanium Palatal Expander"},"content":{"rendered":"<div data-elementor-type=\"wp-page\" data-elementor-id=\"9246\" class=\"elementor elementor-9246\" data-elementor-post-type=\"page\">\n\t\t\t\t\t\t<section class=\"elementor-section elementor-top-section elementor-element elementor-element-3202687 elementor-section-boxed elementor-section-height-default elementor-section-height-default\" data-id=\"3202687\" data-element_type=\"section\" data-e-type=\"section\">\n\t\t\t\t\t\t<div class=\"elementor-container elementor-column-gap-default\">\n\t\t\t\t\t<div class=\"elementor-column elementor-col-100 elementor-top-column elementor-element elementor-element-2c5e7e7\" data-id=\"2c5e7e7\" data-element_type=\"column\" data-e-type=\"column\">\n\t\t\t<div class=\"elementor-widget-wrap elementor-element-populated\">\n\t\t\t\t\t\t<div class=\"elementor-element elementor-element-2f9e1295 elementor-widget elementor-widget-heading\" data-id=\"2f9e1295\" data-element_type=\"widget\" data-e-type=\"widget\" data-widget_type=\"heading.default\">\n\t\t\t\t<div class=\"elementor-widget-container\">\n\t\t\t\t\t<h2 class=\"elementor-heading-title elementor-size-default\">Nitanium Palatal Expander<\/h2>\t\t\t\t<\/div>\n\t\t\t\t<\/div>\n\t\t\t\t<div class=\"elementor-element elementor-element-e393a59 elementor-widget elementor-widget-text-editor\" data-id=\"e393a59\" data-element_type=\"widget\" data-e-type=\"widget\" data-widget_type=\"text-editor.default\">\n\t\t\t\t<div class=\"elementor-widget-container\">\n\t\t\t\t\t\t\t\t\t<p><strong>Wielofunkcyjny aparat ko\u0144cz\u0105cy<\/strong><\/p>\t\t\t\t\t\t\t\t<\/div>\n\t\t\t\t<\/div>\n\t\t\t\t<div class=\"elementor-element elementor-element-0e1995d elementor-widget elementor-widget-text-editor\" data-id=\"0e1995d\" data-element_type=\"widget\" data-e-type=\"widget\" data-widget_type=\"text-editor.default\">\n\t\t\t\t<div class=\"elementor-widget-container\">\n\t\t\t\t\t\t\t\t\t<p>\u0141atwo\u015b\u0107 u\u017cytkowania aparatu NPE to krok naprz\u00f3d w\u015br\u00f3d ekspander\u00f3w<\/p>\t\t\t\t\t\t\t\t<\/div>\n\t\t\t\t<\/div>\n\t\t\t\t<div class=\"elementor-element elementor-element-b975031 elementor-widget elementor-widget-video\" data-id=\"b975031\" data-element_type=\"widget\" data-e-type=\"widget\" data-settings=\"{&quot;youtube_url&quot;:&quot;https:\\\/\\\/youtu.be\\\/FkmD4fjSIL4&quot;,&quot;video_type&quot;:&quot;youtube&quot;,&quot;controls&quot;:&quot;yes&quot;}\" data-widget_type=\"video.default\">\n\t\t\t\t<div class=\"elementor-widget-container\">\n\t\t\t\t\t\t\t<div class=\"elementor-wrapper elementor-open-inline\">\n\t\t\t<div class=\"elementor-video\"><\/div>\t\t<\/div>\n\t\t\t\t\t\t<\/div>\n\t\t\t\t<\/div>\n\t\t\t\t<div class=\"elementor-element elementor-element-4808baf elementor-widget elementor-widget-text-editor\" data-id=\"4808baf\" data-element_type=\"widget\" data-e-type=\"widget\" data-widget_type=\"text-editor.default\">\n\t\t\t\t<div class=\"elementor-widget-container\">\n\t\t\t\t\t\t\t\t\t<p><strong>Ten niezwyk\u0142y ekspander umo\u017cliwia obracanie, pionizowanie, oddalanie od siebie i rozszerzanie przedniego i tylnego \u0142uku przy pomocy delikatnej biokompatybilnej si\u0142y.<\/strong><\/p><p>Dzia\u0142anie Nitanium Palatal Expander wynika z temperatury aktywacji drut\u00f3w oraz pami\u0119ci kszta\u0142tu.<br \/>Ciep\u0142o wewn\u0105trz ust pacjenta aktywuje ruch energii cieplnej drutu tytanowo-niklowego w kierunku uprzednio zaprogramowanego kszta\u0142tu urz\u0105dzenia. Powoduje to w ruchu z\u0119b\u00f3w po\u017c\u0105dan\u0105 ekspansje.<br \/>Po osi\u0105gnieciu dok\u0142adnej korekty, urz\u0105dzenie przestaje si\u0119 rozszerza\u0107 i pozostaje w stanie pasywnym.<\/p>\t\t\t\t\t\t\t\t<\/div>\n\t\t\t\t<\/div>\n\t\t\t\t<section class=\"elementor-section elementor-inner-section elementor-element elementor-element-5e3320a elementor-section-boxed elementor-section-height-default elementor-section-height-default\" data-id=\"5e3320a\" data-element_type=\"section\" data-e-type=\"section\">\n\t\t\t\t\t\t<div class=\"elementor-container elementor-column-gap-default\">\n\t\t\t\t\t<div class=\"elementor-column elementor-col-50 elementor-inner-column elementor-element elementor-element-bf07986\" data-id=\"bf07986\" data-element_type=\"column\" data-e-type=\"column\">\n\t\t\t<div class=\"elementor-widget-wrap elementor-element-populated\">\n\t\t\t\t\t\t<div class=\"elementor-element elementor-element-07ad873 elementor-widget__width-initial elementor-widget elementor-widget-image\" data-id=\"07ad873\" data-element_type=\"widget\" data-e-type=\"widget\" data-widget_type=\"image.default\">\n\t\t\t\t<div class=\"elementor-widget-container\">\n\t\t\t\t\t\t\t\t\t\t\t\t\t\t\t<img fetchpriority=\"high\" decoding=\"async\" width=\"642\" height=\"535\" src=\"https:\/\/polorto.com.pl\/wp-content\/uploads\/2023\/06\/NPE.png\" class=\"attachment-large size-large wp-image-2109\" alt=\"NPE\" srcset=\"https:\/\/polorto.com.pl\/wp-content\/uploads\/2023\/06\/NPE.png 642w, https:\/\/polorto.com.pl\/wp-content\/uploads\/2023\/06\/NPE-300x250.png 300w\" sizes=\"(max-width: 642px) 100vw, 642px\" \/>\t\t\t\t\t\t\t\t\t\t\t\t\t\t\t<\/div>\n\t\t\t\t<\/div>\n\t\t\t\t\t<\/div>\n\t\t<\/div>\n\t\t\t\t<div class=\"elementor-column elementor-col-50 elementor-inner-column elementor-element elementor-element-60ef4ba\" data-id=\"60ef4ba\" data-element_type=\"column\" data-e-type=\"column\">\n\t\t\t<div class=\"elementor-widget-wrap elementor-element-populated\">\n\t\t\t\t\t\t<div class=\"elementor-element elementor-element-11171e22 elementor-widget elementor-widget-text-editor\" data-id=\"11171e22\" data-element_type=\"widget\" data-e-type=\"widget\" data-widget_type=\"text-editor.default\">\n\t\t\t\t<div class=\"elementor-widget-container\">\n\t\t\t\t\t\t\t\t\t<ul><li>Zosta\u0142o udowodnione, ze wolniejsze rozszerzanie zmniejsza ryzyko nawrotu problem\u00f3w<\/li><li>Aktywowany termicznie Nitanium\u00ae daje ca\u0142kowita kontrole eliminuj\u0105c w ten spos\u00f3b konieczno\u015b\u0107 wsp\u00f3\u0142pracy ze strony pacjenta<\/li><li>\u0141atwy do za\u0142o\u017cenia i usuni\u0119cia przez lekarza<\/li><li>Ramiona i p\u0119tle Ortholoy zapewniaj\u0105 ko\u0144cow\u0105 korekt\u0119 i wymagane wyko\u0144czenie<\/li><li>Praca laboratorium nie jest konieczna \u2013 dost\u0119pny w 10 rozmiarach<\/li><\/ul>\t\t\t\t\t\t\t\t<\/div>\n\t\t\t\t<\/div>\n\t\t\t\t\t<\/div>\n\t\t<\/div>\n\t\t\t\t\t<\/div>\n\t\t<\/section>\n\t\t\t\t<div class=\"elementor-element elementor-element-e522575 elementor-widget elementor-widget-image\" data-id=\"e522575\" data-element_type=\"widget\" data-e-type=\"widget\" data-widget_type=\"image.default\">\n\t\t\t\t<div class=\"elementor-widget-container\">\n\t\t\t\t\t\t\t\t\t\t\t\t\t\t\t<img decoding=\"async\" width=\"761\" height=\"187\" src=\"https:\/\/polorto.com.pl\/wp-content\/uploads\/2023\/06\/NPE_przypadek.png\" class=\"attachment-large size-large wp-image-2110\" alt=\"NPE przypadek\" srcset=\"https:\/\/polorto.com.pl\/wp-content\/uploads\/2023\/06\/NPE_przypadek.png 761w, https:\/\/polorto.com.pl\/wp-content\/uploads\/2023\/06\/NPE_przypadek-300x74.png 300w\" sizes=\"(max-width: 761px) 100vw, 761px\" \/>\t\t\t\t\t\t\t\t\t\t\t\t\t\t\t<\/div>\n\t\t\t\t<\/div>\n\t\t\t\t<div class=\"elementor-element elementor-element-e2f7d57 elementor-widget elementor-widget-image\" data-id=\"e2f7d57\" data-element_type=\"widget\" data-e-type=\"widget\" data-widget_type=\"image.default\">\n\t\t\t\t<div class=\"elementor-widget-container\">\n\t\t\t\t\t\t\t\t\t\t\t\t\t\t\t<img decoding=\"async\" width=\"766\" height=\"473\" src=\"https:\/\/polorto.com.pl\/wp-content\/uploads\/2023\/06\/NPE_NrKat.png\" class=\"attachment-large size-large wp-image-2111\" alt=\"NPE NrKat\" srcset=\"https:\/\/polorto.com.pl\/wp-content\/uploads\/2023\/06\/NPE_NrKat.png 766w, https:\/\/polorto.com.pl\/wp-content\/uploads\/2023\/06\/NPE_NrKat-300x185.png 300w\" sizes=\"(max-width: 766px) 100vw, 766px\" \/>\t\t\t\t\t\t\t\t\t\t\t\t\t\t\t<\/div>\n\t\t\t\t<\/div>\n\t\t\t\t<div class=\"elementor-element elementor-element-937c5e3 elementor-widget elementor-widget-image\" data-id=\"937c5e3\" data-element_type=\"widget\" data-e-type=\"widget\" data-widget_type=\"image.default\">\n\t\t\t\t<div class=\"elementor-widget-container\">\n\t\t\t\t\t\t\t\t\t\t\t\t\t\t\t<img loading=\"lazy\" decoding=\"async\" width=\"759\" height=\"371\" src=\"https:\/\/polorto.com.pl\/wp-content\/uploads\/2023\/06\/NPE_dodatkowe-produkty.png\" class=\"attachment-large size-large wp-image-2112\" alt=\"NPE dodatkowe produkty\" srcset=\"https:\/\/polorto.com.pl\/wp-content\/uploads\/2023\/06\/NPE_dodatkowe-produkty.png 759w, https:\/\/polorto.com.pl\/wp-content\/uploads\/2023\/06\/NPE_dodatkowe-produkty-300x147.png 300w\" sizes=\"(max-width: 759px) 100vw, 759px\" \/>\t\t\t\t\t\t\t\t\t\t\t\t\t\t\t<\/div>\n\t\t\t\t<\/div>\n\t\t\t\t<div class=\"elementor-element elementor-element-13b92e00 elementor-widget elementor-widget-image\" data-id=\"13b92e00\" data-element_type=\"widget\" data-e-type=\"widget\" data-widget_type=\"image.default\">\n\t\t\t\t<div class=\"elementor-widget-container\">\n\t\t\t\t\t\t\t\t\t\t\t\t\t\t\t<img decoding=\"async\" src=\"https:\/\/polorto.com.pl\/wp-content\/uploads\/2023\/05\/medi-clinic-zdjecia-uslug-1.png\" title=\"\" alt=\"\" loading=\"lazy\" \/>\t\t\t\t\t\t\t\t\t\t\t\t\t\t\t<\/div>\n\t\t\t\t<\/div>\n\t\t\t\t\t<\/div>\n\t\t<\/div>\n\t\t\t\t\t<\/div>\n\t\t<\/section>\n\t\t\t\t<\/div>","protected":false},"excerpt":{"rendered":"<p>Nitanium Palatal Expander Wielofunkcyjny aparat ko\u0144cz\u0105cy \u0141atwo\u015b\u0107 u\u017cytkowania aparatu NPE to krok naprz\u00f3d w\u015br\u00f3d ekspander\u00f3w https:\/\/youtu.be\/FkmD4fjSIL4 Ten niezwyk\u0142y ekspander umo\u017cliwia obracanie, pionizowanie, oddalanie od siebie i rozszerzanie przedniego i tylnego [&hellip;]<\/p>\n","protected":false},"author":3,"featured_media":0,"parent":0,"menu_order":0,"comment_status":"closed","ping_status":"closed","template":"","meta":{"_acf_changed":false,"site-sidebar-layout":"no-sidebar","site-content-layout":"page-builder","ast-site-content-layout":"full-width-container","site-content-style":"unboxed","site-sidebar-style":"unboxed","ast-global-header-display":"","ast-banner-title-visibility":"","ast-main-header-display":"","ast-hfb-above-header-display":"","ast-hfb-below-header-display":"","ast-hfb-mobile-header-display":"","site-post-title":"disabled","ast-breadcrumbs-content":"","ast-featured-img":"disabled","footer-sml-layout":"","ast-disable-related-posts":"","theme-transparent-header-meta":"default","adv-header-id-meta":"","stick-header-meta":"","header-above-stick-meta":"","header-main-stick-meta":"","header-below-stick-meta":"","astra-migrate-meta-layouts":"set","ast-page-background-enabled":"default","ast-page-background-meta":{"desktop":{"background-color":"var(--ast-global-color-4)","background-image":"","background-repeat":"repeat","background-position":"center center","background-size":"auto","background-attachment":"scroll","background-type":"","background-media":"","overlay-type":"","overlay-color":"","overlay-opacity":"","overlay-gradient":""},"tablet":{"background-color":"","background-image":"","background-repeat":"repeat","background-position":"center center","background-size":"auto","background-attachment":"scroll","background-type":"","background-media":"","overlay-type":"","overlay-color":"","overlay-opacity":"","overlay-gradient":""},"mobile":{"background-color":"","background-image":"","background-repeat":"repeat","background-position":"center center","background-size":"auto","background-attachment":"scroll","background-type":"","background-media":"","overlay-type":"","overlay-color":"","overlay-opacity":"","overlay-gradient":""}},"ast-content-background-meta":{"desktop":{"background-color":"var(--ast-global-color-5)","background-image":"","background-repeat":"repeat","background-position":"center center","background-size":"auto","background-attachment":"scroll","background-type":"","background-media":"","overlay-type":"","overlay-color":"","overlay-opacity":"","overlay-gradient":""},"tablet":{"background-color":"var(--ast-global-color-5)","background-image":"","background-repeat":"repeat","background-position":"center center","background-size":"auto","background-attachment":"scroll","background-type":"","background-media":"","overlay-type":"","overlay-color":"","overlay-opacity":"","overlay-gradient":""},"mobile":{"background-color":"var(--ast-global-color-5)","background-image":"","background-repeat":"repeat","background-position":"center center","background-size":"auto","background-attachment":"scroll","background-type":"","background-media":"","overlay-type":"","overlay-color":"","overlay-opacity":"","overlay-gradient":""}},"footnotes":""},"tags":[75],"class_list":["post-9246","page","type-page","status-publish","hentry","tag-produkt-en"],"acf":[],"yoast_head":"<!-- This site is optimized with the Yoast SEO plugin v27.4 - https:\/\/yoast.com\/product\/yoast-seo-wordpress\/ -->\n<title>Nitanium Palatal Expander - Polorto<\/title>\n<meta name=\"robots\" content=\"index, follow, max-snippet:-1, max-image-preview:large, max-video-preview:-1\" \/>\n<link rel=\"canonical\" href=\"https:\/\/polorto.com.pl\/en\/nitanium-palatal-expander-2\/\" \/>\n<meta property=\"og:locale\" content=\"en_GB\" \/>\n<meta property=\"og:type\" content=\"article\" \/>\n<meta property=\"og:title\" content=\"Nitanium Palatal Expander - Polorto\" \/>\n<meta property=\"og:description\" content=\"Nitanium Palatal Expander Wielofunkcyjny aparat ko\u0144cz\u0105cy \u0141atwo\u015b\u0107 u\u017cytkowania aparatu NPE to krok naprz\u00f3d w\u015br\u00f3d ekspander\u00f3w https:\/\/youtu.be\/FkmD4fjSIL4 Ten niezwyk\u0142y ekspander umo\u017cliwia obracanie, pionizowanie, oddalanie od siebie i rozszerzanie przedniego i tylnego [&hellip;]\" \/>\n<meta property=\"og:url\" content=\"https:\/\/polorto.com.pl\/en\/nitanium-palatal-expander-2\/\" \/>\n<meta property=\"og:site_name\" content=\"Polorto\" \/>\n<meta property=\"og:image\" content=\"https:\/\/polorto.com.pl\/wp-content\/uploads\/2023\/06\/NPE.png\" \/>\n<meta name=\"twitter:card\" content=\"summary_large_image\" \/>\n<meta name=\"twitter:label1\" content=\"Estimated reading time\" \/>\n\t<meta name=\"twitter:data1\" content=\"2 minutes\" \/>\n<script type=\"application\/ld+json\" class=\"yoast-schema-graph\">{\"@context\":\"https:\\\/\\\/schema.org\",\"@graph\":[{\"@type\":\"WebPage\",\"@id\":\"https:\\\/\\\/polorto.com.pl\\\/en\\\/nitanium-palatal-expander-2\\\/\",\"url\":\"https:\\\/\\\/polorto.com.pl\\\/en\\\/nitanium-palatal-expander-2\\\/\",\"name\":\"Nitanium Palatal Expander - Polorto\",\"isPartOf\":{\"@id\":\"https:\\\/\\\/polorto.com.pl\\\/en\\\/#website\"},\"primaryImageOfPage\":{\"@id\":\"https:\\\/\\\/polorto.com.pl\\\/en\\\/nitanium-palatal-expander-2\\\/#primaryimage\"},\"image\":{\"@id\":\"https:\\\/\\\/polorto.com.pl\\\/en\\\/nitanium-palatal-expander-2\\\/#primaryimage\"},\"thumbnailUrl\":\"https:\\\/\\\/polorto.com.pl\\\/wp-content\\\/uploads\\\/2023\\\/06\\\/NPE.png\",\"datePublished\":\"2023-11-06T14:48:21+00:00\",\"breadcrumb\":{\"@id\":\"https:\\\/\\\/polorto.com.pl\\\/en\\\/nitanium-palatal-expander-2\\\/#breadcrumb\"},\"inLanguage\":\"en-GB\",\"potentialAction\":[{\"@type\":\"ReadAction\",\"target\":[\"https:\\\/\\\/polorto.com.pl\\\/en\\\/nitanium-palatal-expander-2\\\/\"]}]},{\"@type\":\"ImageObject\",\"inLanguage\":\"en-GB\",\"@id\":\"https:\\\/\\\/polorto.com.pl\\\/en\\\/nitanium-palatal-expander-2\\\/#primaryimage\",\"url\":\"https:\\\/\\\/polorto.com.pl\\\/wp-content\\\/uploads\\\/2023\\\/06\\\/NPE.png\",\"contentUrl\":\"https:\\\/\\\/polorto.com.pl\\\/wp-content\\\/uploads\\\/2023\\\/06\\\/NPE.png\"},{\"@type\":\"BreadcrumbList\",\"@id\":\"https:\\\/\\\/polorto.com.pl\\\/en\\\/nitanium-palatal-expander-2\\\/#breadcrumb\",\"itemListElement\":[{\"@type\":\"ListItem\",\"position\":1,\"name\":\"Main\",\"item\":\"https:\\\/\\\/polorto.com.pl\\\/en\\\/\"},{\"@type\":\"ListItem\",\"position\":2,\"name\":\"Nitanium Palatal Expander\"}]},{\"@type\":\"WebSite\",\"@id\":\"https:\\\/\\\/polorto.com.pl\\\/en\\\/#website\",\"url\":\"https:\\\/\\\/polorto.com.pl\\\/en\\\/\",\"name\":\"Polorto\",\"description\":\"Od 30 lat w stomatologii\",\"potentialAction\":[{\"@type\":\"SearchAction\",\"target\":{\"@type\":\"EntryPoint\",\"urlTemplate\":\"https:\\\/\\\/polorto.com.pl\\\/en\\\/?s={search_term_string}\"},\"query-input\":{\"@type\":\"PropertyValueSpecification\",\"valueRequired\":true,\"valueName\":\"search_term_string\"}}],\"inLanguage\":\"en-GB\"}]}<\/script>\n<!-- \/ Yoast SEO plugin. -->","yoast_head_json":{"title":"Nitanium Palatal Expander - Polorto","robots":{"index":"index","follow":"follow","max-snippet":"max-snippet:-1","max-image-preview":"max-image-preview:large","max-video-preview":"max-video-preview:-1"},"canonical":"https:\/\/polorto.com.pl\/en\/nitanium-palatal-expander-2\/","og_locale":"en_GB","og_type":"article","og_title":"Nitanium Palatal Expander - Polorto","og_description":"Nitanium Palatal Expander Wielofunkcyjny aparat ko\u0144cz\u0105cy \u0141atwo\u015b\u0107 u\u017cytkowania aparatu NPE to krok naprz\u00f3d w\u015br\u00f3d ekspander\u00f3w https:\/\/youtu.be\/FkmD4fjSIL4 Ten niezwyk\u0142y ekspander umo\u017cliwia obracanie, pionizowanie, oddalanie od siebie i rozszerzanie przedniego i tylnego [&hellip;]","og_url":"https:\/\/polorto.com.pl\/en\/nitanium-palatal-expander-2\/","og_site_name":"Polorto","og_image":[{"url":"https:\/\/polorto.com.pl\/wp-content\/uploads\/2023\/06\/NPE.png","type":"","width":"","height":""}],"twitter_card":"summary_large_image","twitter_misc":{"Estimated reading time":"2 minutes"},"schema":{"@context":"https:\/\/schema.org","@graph":[{"@type":"WebPage","@id":"https:\/\/polorto.com.pl\/en\/nitanium-palatal-expander-2\/","url":"https:\/\/polorto.com.pl\/en\/nitanium-palatal-expander-2\/","name":"Nitanium Palatal Expander - Polorto","isPartOf":{"@id":"https:\/\/polorto.com.pl\/en\/#website"},"primaryImageOfPage":{"@id":"https:\/\/polorto.com.pl\/en\/nitanium-palatal-expander-2\/#primaryimage"},"image":{"@id":"https:\/\/polorto.com.pl\/en\/nitanium-palatal-expander-2\/#primaryimage"},"thumbnailUrl":"https:\/\/polorto.com.pl\/wp-content\/uploads\/2023\/06\/NPE.png","datePublished":"2023-11-06T14:48:21+00:00","breadcrumb":{"@id":"https:\/\/polorto.com.pl\/en\/nitanium-palatal-expander-2\/#breadcrumb"},"inLanguage":"en-GB","potentialAction":[{"@type":"ReadAction","target":["https:\/\/polorto.com.pl\/en\/nitanium-palatal-expander-2\/"]}]},{"@type":"ImageObject","inLanguage":"en-GB","@id":"https:\/\/polorto.com.pl\/en\/nitanium-palatal-expander-2\/#primaryimage","url":"https:\/\/polorto.com.pl\/wp-content\/uploads\/2023\/06\/NPE.png","contentUrl":"https:\/\/polorto.com.pl\/wp-content\/uploads\/2023\/06\/NPE.png"},{"@type":"BreadcrumbList","@id":"https:\/\/polorto.com.pl\/en\/nitanium-palatal-expander-2\/#breadcrumb","itemListElement":[{"@type":"ListItem","position":1,"name":"Main","item":"https:\/\/polorto.com.pl\/en\/"},{"@type":"ListItem","position":2,"name":"Nitanium Palatal Expander"}]},{"@type":"WebSite","@id":"https:\/\/polorto.com.pl\/en\/#website","url":"https:\/\/polorto.com.pl\/en\/","name":"Polorto","description":"Od 30 lat w stomatologii","potentialAction":[{"@type":"SearchAction","target":{"@type":"EntryPoint","urlTemplate":"https:\/\/polorto.com.pl\/en\/?s={search_term_string}"},"query-input":{"@type":"PropertyValueSpecification","valueRequired":true,"valueName":"search_term_string"}}],"inLanguage":"en-GB"}]}},"_links":{"self":[{"href":"https:\/\/polorto.com.pl\/en\/wp-json\/wp\/v2\/pages\/9246","targetHints":{"allow":["GET"]}}],"collection":[{"href":"https:\/\/polorto.com.pl\/en\/wp-json\/wp\/v2\/pages"}],"about":[{"href":"https:\/\/polorto.com.pl\/en\/wp-json\/wp\/v2\/types\/page"}],"author":[{"embeddable":true,"href":"https:\/\/polorto.com.pl\/en\/wp-json\/wp\/v2\/users\/3"}],"replies":[{"embeddable":true,"href":"https:\/\/polorto.com.pl\/en\/wp-json\/wp\/v2\/comments?post=9246"}],"version-history":[{"count":0,"href":"https:\/\/polorto.com.pl\/en\/wp-json\/wp\/v2\/pages\/9246\/revisions"}],"wp:attachment":[{"href":"https:\/\/polorto.com.pl\/en\/wp-json\/wp\/v2\/media?parent=9246"}],"wp:term":[{"taxonomy":"post_tag","embeddable":true,"href":"https:\/\/polorto.com.pl\/en\/wp-json\/wp\/v2\/tags?post=9246"}],"curies":[{"name":"wp","href":"https:\/\/api.w.org\/{rel}","templated":true}]}}