{"id":9188,"date":"2023-11-06T13:18:03","date_gmt":"2023-11-06T13:18:03","guid":{"rendered":"https:\/\/polorto.com.pl\/?page_id=9188"},"modified":"2026-03-10T15:50:03","modified_gmt":"2026-03-10T15:50:03","slug":"brackets-bonding-during-covid-19","status":"publish","type":"page","link":"https:\/\/polorto.com.pl\/en\/brackets-bonding-during-covid-19\/","title":{"rendered":"Brackets bonding during COVID \u2013 19"},"content":{"rendered":"<div data-elementor-type=\"wp-page\" data-elementor-id=\"9188\" class=\"elementor elementor-9188\" data-elementor-post-type=\"page\">\n\t\t\t\t\t\t<section class=\"elementor-section elementor-top-section elementor-element elementor-element-3202687 elementor-section-boxed elementor-section-height-default elementor-section-height-default\" data-id=\"3202687\" data-element_type=\"section\" data-e-type=\"section\">\n\t\t\t\t\t\t<div class=\"elementor-container elementor-column-gap-default\">\n\t\t\t\t\t<div class=\"elementor-column elementor-col-100 elementor-top-column elementor-element elementor-element-2c5e7e7\" data-id=\"2c5e7e7\" data-element_type=\"column\" data-e-type=\"column\">\n\t\t\t<div class=\"elementor-widget-wrap elementor-element-populated\">\n\t\t\t\t\t\t<div class=\"elementor-element elementor-element-2f9e1295 elementor-widget elementor-widget-heading\" data-id=\"2f9e1295\" data-element_type=\"widget\" data-e-type=\"widget\" data-widget_type=\"heading.default\">\n\t\t\t\t<div class=\"elementor-widget-container\">\n\t\t\t\t\t<h1 class=\"elementor-heading-title elementor-size-default\">Protok\u00f3\u0142 klejenia zamk\u00f3w podczas COVID-19<\/h1>\t\t\t\t<\/div>\n\t\t\t\t<\/div>\n\t\t\t\t<div class=\"elementor-element elementor-element-4808baf elementor-widget elementor-widget-text-editor\" data-id=\"4808baf\" data-element_type=\"widget\" data-e-type=\"widget\" data-widget_type=\"text-editor.default\">\n\t\t\t\t<div class=\"elementor-widget-container\">\n\t\t\t\t\t\t\t\t\t<p>Firma Reliance Orthodontics przez 5 tygodni testowa\u0142a r\u00f3\u017cne procedury, aby zmniejszy\u0107 ryzyko podczas klejenia pacjent\u00f3w. Jak wszyscy wiemy gruntownie czysta, sucha powierzchnia z\u0119ba jest idealna do klejenia. Ca\u0142y proces klejenia sta\u0142 si\u0119 wyj\u0105tkowo skomplikowany z powodu obaw i porad aby unika\u0107 wysokoci\u015bnieniowego strumienia wody i spr\u0119\u017conego \u00a0powietrza. Bior\u0105c pod uwag\u0119 te ograniczenia, firma Reliance stworzy\u0142a protok\u00f3\u0142 klejenia z dwoma procedurami:<\/p>\t\t\t\t\t\t\t\t<\/div>\n\t\t\t\t<\/div>\n\t\t\t\t<div class=\"elementor-element elementor-element-082edad elementor-widget elementor-widget-text-editor\" data-id=\"082edad\" data-element_type=\"widget\" data-e-type=\"widget\" data-widget_type=\"text-editor.default\">\n\t\t\t\t<div class=\"elementor-widget-container\">\n\t\t\t\t\t\t\t\t\t<p><strong>Pierwsza Procedura. Wst\u0119pne klejenie \/ Przyklejanie bez kleju na szkliwie:<\/strong><\/p>\t\t\t\t\t\t\t\t<\/div>\n\t\t\t\t<\/div>\n\t\t\t\t<div class=\"elementor-element elementor-element-26676a6 elementor-widget elementor-widget-text-editor\" data-id=\"26676a6\" data-element_type=\"widget\" data-e-type=\"widget\" data-widget_type=\"text-editor.default\">\n\t\t\t\t<div class=\"elementor-widget-container\">\n\t\t\t\t\t\t\t\t\t<ol><li>Niech pacjent energicznie myje z\u0119by przez 2 minuty przy pomocy jednorazowej dawki pumeksu (zalecamy u\u017cy\u0107\u00a0<a href=\"https:\/\/polorto.com.pl\/produkty-do-finishingu\/\" target=\"_blank\" rel=\"noopener\">1st and Final\u00ae pumice<\/a>). Prosimy poinstruowa\u0107 pacjenta aby dok\u0142adnie wyp\u0142uka\u0142 usta co najmniej 3 razy.<\/li><li>Osusz dok\u0142adnie przy pomocy wa\u0142eczka lub 2\u00d72.<\/li><li>Wytraw przy u\u017cyciu\u00a0<a href=\"https:\/\/polorto.com.pl\/samowytrawiajacy-podklad-ortodontyczny-bez-mieszania-ultra-s-e-p\/\" target=\"_blank\" rel=\"noopener\">ciek\u0142ego kwasu fosforowego<\/a>\u00a0przez 30 sekund.<\/li><li>U\u017cyj jednorazowych buteleczek z wod\u0105 (zdj\u0119cie poni\u017cej) i sp\u0142ukuj ka\u017cdy z\u0105b przez 10 sekund. Osusz dok\u0142adnie wa\u0142eczkiem lub 2\u00d72. Nie szorowa\u0107!<\/li><li>Na\u0142\u00f3\u017c szczoteczk\u0105 jedn\u0105 warstw\u0119\u00a0<a href=\"https:\/\/polorto.com.pl\/materialy-wspomagajace\/\" target=\"_blank\" rel=\"noopener\">Assure Plus<\/a>, g\u0142adz\u0105c szczoteczk\u0105 kilkukrotnie.<\/li><li>Przy u\u017cyciu nowej suchej szczoteczki pog\u0142ad\u017a powierzchni\u0119 kilka razy aby odparowa\u0107 odczynniki. Ka\u017cda sucha szczoteczka mo\u017ce by\u0107 u\u017cyta na 4 z\u0119by a nast\u0119pnie zmieniona na now\u0105. Na\u015bwietl ka\u017cdy z\u0105b przez 10 sekund.<\/li><li>Na\u0142\u00f3\u017c jedn\u0105 cienk\u0105 warstw\u0119\u00a0<a href=\"https:\/\/polorto.com.pl\/materialy-wspomagajace\/\" target=\"_blank\" rel=\"noopener\">Assure Plus<\/a>\u00a0na podstaw\u0119 zamka i pog\u0142ad\u017a kilkukrotnie. Na\u0142\u00f3\u017c klej (np.\u00a0<a href=\"https:\/\/polorto.com.pl\/kleje-swiatloutwardzalne-do-zamkow\/\" target=\"_blank\" rel=\"noopener\">GoTo<\/a>,\u00a0<a href=\"https:\/\/polorto.com.pl\/kleje-swiatloutwardzalne-do-zamkow\/\" target=\"_blank\" rel=\"noopener\">Light Bond<\/a>) na podstaw\u0119 zamka, umie\u015b\u0107 na z\u0119bie i na\u015bwietl.<\/li><\/ol><p>UWAGA: Aplikowanie\u00a0<a href=\"https:\/\/polorto.com.pl\/materialy-wspomagajace\/\" target=\"_blank\" rel=\"noopener\">Assure Plus<\/a>\u00a0na podstaw\u0119 zamka jest opcjonalne \u2013 ale sugerowane, poniewa\u017c ca\u0142kowita si\u0142a wi\u0105zania jest jednak zagro\u017cona z powodu dalekich od idea\u0142u warunk\u00f3w na powierzchni z\u0119ba.<\/p>\t\t\t\t\t\t\t\t<\/div>\n\t\t\t\t<\/div>\n\t\t\t\t<section class=\"elementor-section elementor-inner-section elementor-element elementor-element-5e3320a elementor-section-boxed elementor-section-height-default elementor-section-height-default\" data-id=\"5e3320a\" data-element_type=\"section\" data-e-type=\"section\">\n\t\t\t\t\t\t<div class=\"elementor-container elementor-column-gap-default\">\n\t\t\t\t\t<div class=\"elementor-column elementor-col-100 elementor-inner-column elementor-element elementor-element-bf07986\" data-id=\"bf07986\" data-element_type=\"column\" data-e-type=\"column\">\n\t\t\t<div class=\"elementor-widget-wrap elementor-element-populated\">\n\t\t\t\t\t\t<div class=\"elementor-element elementor-element-f0aa9bf elementor-widget__width-initial elementor-widget elementor-widget-image\" data-id=\"f0aa9bf\" data-element_type=\"widget\" data-e-type=\"widget\" data-widget_type=\"image.default\">\n\t\t\t\t<div class=\"elementor-widget-container\">\n\t\t\t\t\t\t\t\t\t\t\t\t\t\t\t<img decoding=\"async\" width=\"53\" height=\"113\" src=\"https:\/\/polorto.com.pl\/wp-content\/uploads\/2023\/06\/buteleczka.png\" class=\"attachment-large size-large wp-image-1812\" alt=\"buteleczka\" \/>\t\t\t\t\t\t\t\t\t\t\t\t\t\t\t<\/div>\n\t\t\t\t<\/div>\n\t\t\t\t\t<\/div>\n\t\t<\/div>\n\t\t\t\t\t<\/div>\n\t\t<\/section>\n\t\t\t\t<div class=\"elementor-element elementor-element-13b92e00 elementor-widget elementor-widget-image\" data-id=\"13b92e00\" data-element_type=\"widget\" data-e-type=\"widget\" data-widget_type=\"image.default\">\n\t\t\t\t<div class=\"elementor-widget-container\">\n\t\t\t\t\t\t\t\t\t\t\t\t\t\t\t<img decoding=\"async\" src=\"https:\/\/polorto.com.pl\/wp-content\/uploads\/2023\/05\/medi-clinic-zdjecia-uslug-1.png\" title=\"\" alt=\"\" loading=\"lazy\" \/>\t\t\t\t\t\t\t\t\t\t\t\t\t\t\t<\/div>\n\t\t\t\t<\/div>\n\t\t\t\t<div class=\"elementor-element elementor-element-85507c0 elementor-widget elementor-widget-text-editor\" data-id=\"85507c0\" data-element_type=\"widget\" data-e-type=\"widget\" data-widget_type=\"text-editor.default\">\n\t\t\t\t<div class=\"elementor-widget-container\">\n\t\t\t\t\t\t\t\t\t<h5><strong>Druga Procedura. Przeklejenia z pozosta\u0142o\u015bciami kompozytu na szkliwie:<\/strong><\/h5>\t\t\t\t\t\t\t\t<\/div>\n\t\t\t\t<\/div>\n\t\t\t\t<div class=\"elementor-element elementor-element-2110f1d elementor-widget elementor-widget-text-editor\" data-id=\"2110f1d\" data-element_type=\"widget\" data-e-type=\"widget\" data-widget_type=\"text-editor.default\">\n\t\t\t\t<div class=\"elementor-widget-container\">\n\t\t\t\t\t\t\t\t\t<ol><li>Usu\u0144 tyle kompozytu ile to tylko mo\u017cliwe przy u\u017cyciu kleszczy bez uszkadzania szkliwa.<\/li><li>R\u0119cznie zetrzyj kompozyt ze szkliwa przy u\u017cyciu papierowego dysku \u015bciernego.<\/li><li>U\u017cyj jednorazowych buteleczek z wod\u0105 (zdj\u0119cie poni\u017cej) i sp\u0142ukuj ka\u017cdy z\u0105b przez 10 sekund. Osusz dok\u0142adnie wa\u0142eczkiem lub 2\u00d72. Nie szorowa\u0107+!<\/li><li>Je\u015bli wyst\u0119puje tam szkliwo, post\u0119puj zgodnie z instrukcjami do wytrawiania kwasem z pierwszej procedury.<\/li><li>Na\u0142\u00f3\u017c szczoteczk\u0105 jedn\u0105 warstw\u0119\u00a0<a href=\"https:\/\/polorto.com.pl\/materialy-wspomagajace\/\" target=\"_blank\" rel=\"noopener\">Assure Plus<\/a>, g\u0142adz\u0105c szczoteczk\u0105 kilkukrotnie.<\/li><li>Przy u\u017cyciu nowej suchej szczoteczki pog\u0142ad\u017a powierzchni\u0119 kilka razy aby odparowa\u0107 odczynniki. Ka\u017cda sucha szczoteczka mo\u017ce by\u0107 u\u017cyta na 4 z\u0119by a nast\u0119pnie zmieniona na now\u0105. Na\u015bwietl ka\u017cdy z\u0105b przez 10 sekund.<\/li><li>Na\u0142\u00f3\u017c jedn\u0105 cienk\u0105 warstw\u0119\u00a0<a href=\"https:\/\/polorto.com.pl\/materialy-wspomagajace\/\" target=\"_blank\" rel=\"noopener\">Assure Plus<\/a>\u00a0na podstaw\u0119 zamka i pog\u0142ad\u017a kilkukrotnie. Na\u0142\u00f3\u017c klej (np.\u00a0<a href=\"https:\/\/polorto.com.pl\/kleje-swiatloutwardzalne-do-zamkow\/\" target=\"_blank\" rel=\"noopener\">GoTo<\/a>,\u00a0<a href=\"https:\/\/polorto.com.pl\/kleje-swiatloutwardzalne-do-zamkow\/\" target=\"_blank\" rel=\"noopener\">Light Bond<\/a>) na podstaw\u0119 zamka, umie\u015b\u0107 na z\u0119bie i na\u015bwietl.<\/li><\/ol><p>UWAGA: Aplikowanie\u00a0<a href=\"https:\/\/polorto.com.pl\/materialy-wspomagajace\/\" target=\"_blank\" rel=\"noopener\">Assure Plus<\/a>\u00a0na podstaw\u0119 zamka jest opcjonalne \u2013 ale sugerowane poniewa\u017c ca\u0142kowita si\u0142a wi\u0105zania jest jednak zagro\u017cona z powodu dalekich od idea\u0142u warunk\u00f3w na powierzchni z\u0119ba.<\/p><p>Prosz\u0119 zanotowa\u0107: Te procedury zosta\u0142y stworzone w odpowiedzi na obawy zwi\u0105zane z u\u017cywaniem spr\u0119\u017conego powietrza i wody pod wysokim ci\u015bnieniem.<\/p><p><strong>Ka\u017cdy krok w tych protoko\u0142ach jest celowy i istotnie wa\u017cny w udanym klejeniu.<\/strong><\/p><p>Z powodu zmniejszonej si\u0142y klejenia (od 10 do 15%) i ekstremalnie wra\u017cliwej techniki tu u\u017cywanej, te protoko\u0142y nie powinny by\u0107 stosowane po zako\u0144czeniu kryzysu zwi\u0105zanego z COVID-19.<\/p><p>* Je\u015bli nie przeszkadza Ci u\u017cywanie spr\u0119\u017conego powietrza \u2013 te protoko\u0142y mog\u0105 by\u0107 modyfikowane do u\u017cywania zmniejszonej warto\u015bci si\u0142y powietrza aby wysuszy\u0107 szkliwo i warstwy Assure Plus. Prosz\u0119 zauwa\u017cy\u0107, \u017ce powietrze nadal jest w obiegu i powoduje zwi\u0119kszon\u0105 ilo\u015b\u0107 cz\u0105steczek w powietrzu.<\/p>\t\t\t\t\t\t\t\t<\/div>\n\t\t\t\t<\/div>\n\t\t\t\t<div class=\"elementor-element elementor-element-5817ae8 elementor-widget elementor-widget-image\" data-id=\"5817ae8\" data-element_type=\"widget\" data-e-type=\"widget\" data-widget_type=\"image.default\">\n\t\t\t\t<div class=\"elementor-widget-container\">\n\t\t\t\t\t\t\t\t\t\t\t\t\t\t\t<img decoding=\"async\" width=\"53\" height=\"113\" src=\"https:\/\/polorto.com.pl\/wp-content\/uploads\/2023\/06\/buteleczka.png\" class=\"attachment-large size-large wp-image-1812\" alt=\"buteleczka\" \/>\t\t\t\t\t\t\t\t\t\t\t\t\t\t\t<\/div>\n\t\t\t\t<\/div>\n\t\t\t\t\t<\/div>\n\t\t<\/div>\n\t\t\t\t\t<\/div>\n\t\t<\/section>\n\t\t\t\t<\/div>","protected":false},"excerpt":{"rendered":"<p>Protok\u00f3\u0142 klejenia zamk\u00f3w podczas COVID-19 Firma Reliance Orthodontics przez 5 tygodni testowa\u0142a r\u00f3\u017cne procedury, aby zmniejszy\u0107 ryzyko podczas klejenia pacjent\u00f3w. Jak wszyscy wiemy gruntownie czysta, sucha powierzchnia z\u0119ba jest idealna [&hellip;]<\/p>\n","protected":false},"author":3,"featured_media":0,"parent":0,"menu_order":0,"comment_status":"closed","ping_status":"closed","template":"","meta":{"_acf_changed":false,"site-sidebar-layout":"no-sidebar","site-content-layout":"page-builder","ast-site-content-layout":"full-width-container","site-content-style":"unboxed","site-sidebar-style":"unboxed","ast-global-header-display":"","ast-banner-title-visibility":"","ast-main-header-display":"","ast-hfb-above-header-display":"","ast-hfb-below-header-display":"","ast-hfb-mobile-header-display":"","site-post-title":"disabled","ast-breadcrumbs-content":"","ast-featured-img":"disabled","footer-sml-layout":"","ast-disable-related-posts":"","theme-transparent-header-meta":"default","adv-header-id-meta":"","stick-header-meta":"","header-above-stick-meta":"","header-main-stick-meta":"","header-below-stick-meta":"","astra-migrate-meta-layouts":"set","ast-page-background-enabled":"default","ast-page-background-meta":{"desktop":{"background-color":"var(--ast-global-color-4)","background-image":"","background-repeat":"repeat","background-position":"center center","background-size":"auto","background-attachment":"scroll","background-type":"","background-media":"","overlay-type":"","overlay-color":"","overlay-opacity":"","overlay-gradient":""},"tablet":{"background-color":"","background-image":"","background-repeat":"repeat","background-position":"center center","background-size":"auto","background-attachment":"scroll","background-type":"","background-media":"","overlay-type":"","overlay-color":"","overlay-opacity":"","overlay-gradient":""},"mobile":{"background-color":"","background-image":"","background-repeat":"repeat","background-position":"center center","background-size":"auto","background-attachment":"scroll","background-type":"","background-media":"","overlay-type":"","overlay-color":"","overlay-opacity":"","overlay-gradient":""}},"ast-content-background-meta":{"desktop":{"background-color":"var(--ast-global-color-5)","background-image":"","background-repeat":"repeat","background-position":"center center","background-size":"auto","background-attachment":"scroll","background-type":"","background-media":"","overlay-type":"","overlay-color":"","overlay-opacity":"","overlay-gradient":""},"tablet":{"background-color":"var(--ast-global-color-5)","background-image":"","background-repeat":"repeat","background-position":"center center","background-size":"auto","background-attachment":"scroll","background-type":"","background-media":"","overlay-type":"","overlay-color":"","overlay-opacity":"","overlay-gradient":""},"mobile":{"background-color":"var(--ast-global-color-5)","background-image":"","background-repeat":"repeat","background-position":"center center","background-size":"auto","background-attachment":"scroll","background-type":"","background-media":"","overlay-type":"","overlay-color":"","overlay-opacity":"","overlay-gradient":""}},"footnotes":""},"tags":[75],"class_list":["post-9188","page","type-page","status-publish","hentry","tag-produkt-en"],"acf":[],"yoast_head":"<!-- This site is optimized with the Yoast SEO plugin v27.4 - https:\/\/yoast.com\/product\/yoast-seo-wordpress\/ -->\n<title>Brackets bonding during COVID \u2013 19 - Polorto<\/title>\n<meta name=\"robots\" content=\"index, follow, max-snippet:-1, max-image-preview:large, max-video-preview:-1\" \/>\n<link rel=\"canonical\" href=\"https:\/\/polorto.com.pl\/en\/brackets-bonding-during-covid-19\/\" \/>\n<meta property=\"og:locale\" content=\"en_GB\" \/>\n<meta property=\"og:type\" content=\"article\" \/>\n<meta property=\"og:title\" content=\"Brackets bonding during COVID \u2013 19 - Polorto\" \/>\n<meta property=\"og:description\" content=\"Protok\u00f3\u0142 klejenia zamk\u00f3w podczas COVID-19 Firma Reliance Orthodontics przez 5 tygodni testowa\u0142a r\u00f3\u017cne procedury, aby zmniejszy\u0107 ryzyko podczas klejenia pacjent\u00f3w. Jak wszyscy wiemy gruntownie czysta, sucha powierzchnia z\u0119ba jest idealna [&hellip;]\" \/>\n<meta property=\"og:url\" content=\"https:\/\/polorto.com.pl\/en\/brackets-bonding-during-covid-19\/\" \/>\n<meta property=\"og:site_name\" content=\"Polorto\" \/>\n<meta property=\"article:modified_time\" content=\"2026-03-10T15:50:03+00:00\" \/>\n<meta property=\"og:image\" content=\"https:\/\/polorto.com.pl\/wp-content\/uploads\/2023\/06\/buteleczka.png\" \/>\n\t<meta property=\"og:image:width\" content=\"53\" \/>\n\t<meta property=\"og:image:height\" content=\"113\" \/>\n\t<meta property=\"og:image:type\" content=\"image\/png\" \/>\n<meta name=\"twitter:card\" content=\"summary_large_image\" \/>\n<meta name=\"twitter:label1\" content=\"Estimated reading time\" \/>\n\t<meta name=\"twitter:data1\" content=\"4 minutes\" \/>\n<script type=\"application\/ld+json\" class=\"yoast-schema-graph\">{\"@context\":\"https:\\\/\\\/schema.org\",\"@graph\":[{\"@type\":\"WebPage\",\"@id\":\"https:\\\/\\\/polorto.com.pl\\\/en\\\/brackets-bonding-during-covid-19\\\/\",\"url\":\"https:\\\/\\\/polorto.com.pl\\\/en\\\/brackets-bonding-during-covid-19\\\/\",\"name\":\"Brackets bonding during COVID \u2013 19 - Polorto\",\"isPartOf\":{\"@id\":\"https:\\\/\\\/polorto.com.pl\\\/en\\\/#website\"},\"primaryImageOfPage\":{\"@id\":\"https:\\\/\\\/polorto.com.pl\\\/en\\\/brackets-bonding-during-covid-19\\\/#primaryimage\"},\"image\":{\"@id\":\"https:\\\/\\\/polorto.com.pl\\\/en\\\/brackets-bonding-during-covid-19\\\/#primaryimage\"},\"thumbnailUrl\":\"https:\\\/\\\/polorto.com.pl\\\/wp-content\\\/uploads\\\/2023\\\/06\\\/buteleczka.png\",\"datePublished\":\"2023-11-06T13:18:03+00:00\",\"dateModified\":\"2026-03-10T15:50:03+00:00\",\"breadcrumb\":{\"@id\":\"https:\\\/\\\/polorto.com.pl\\\/en\\\/brackets-bonding-during-covid-19\\\/#breadcrumb\"},\"inLanguage\":\"en-GB\",\"potentialAction\":[{\"@type\":\"ReadAction\",\"target\":[\"https:\\\/\\\/polorto.com.pl\\\/en\\\/brackets-bonding-during-covid-19\\\/\"]}]},{\"@type\":\"ImageObject\",\"inLanguage\":\"en-GB\",\"@id\":\"https:\\\/\\\/polorto.com.pl\\\/en\\\/brackets-bonding-during-covid-19\\\/#primaryimage\",\"url\":\"https:\\\/\\\/polorto.com.pl\\\/wp-content\\\/uploads\\\/2023\\\/06\\\/buteleczka.png\",\"contentUrl\":\"https:\\\/\\\/polorto.com.pl\\\/wp-content\\\/uploads\\\/2023\\\/06\\\/buteleczka.png\"},{\"@type\":\"BreadcrumbList\",\"@id\":\"https:\\\/\\\/polorto.com.pl\\\/en\\\/brackets-bonding-during-covid-19\\\/#breadcrumb\",\"itemListElement\":[{\"@type\":\"ListItem\",\"position\":1,\"name\":\"Main\",\"item\":\"https:\\\/\\\/polorto.com.pl\\\/en\\\/\"},{\"@type\":\"ListItem\",\"position\":2,\"name\":\"Brackets bonding during COVID \u2013 19\"}]},{\"@type\":\"WebSite\",\"@id\":\"https:\\\/\\\/polorto.com.pl\\\/en\\\/#website\",\"url\":\"https:\\\/\\\/polorto.com.pl\\\/en\\\/\",\"name\":\"Polorto\",\"description\":\"Od 30 lat w stomatologii\",\"potentialAction\":[{\"@type\":\"SearchAction\",\"target\":{\"@type\":\"EntryPoint\",\"urlTemplate\":\"https:\\\/\\\/polorto.com.pl\\\/en\\\/?s={search_term_string}\"},\"query-input\":{\"@type\":\"PropertyValueSpecification\",\"valueRequired\":true,\"valueName\":\"search_term_string\"}}],\"inLanguage\":\"en-GB\"}]}<\/script>\n<!-- \/ Yoast SEO plugin. -->","yoast_head_json":{"title":"Brackets bonding during COVID \u2013 19 - Polorto","robots":{"index":"index","follow":"follow","max-snippet":"max-snippet:-1","max-image-preview":"max-image-preview:large","max-video-preview":"max-video-preview:-1"},"canonical":"https:\/\/polorto.com.pl\/en\/brackets-bonding-during-covid-19\/","og_locale":"en_GB","og_type":"article","og_title":"Brackets bonding during COVID \u2013 19 - Polorto","og_description":"Protok\u00f3\u0142 klejenia zamk\u00f3w podczas COVID-19 Firma Reliance Orthodontics przez 5 tygodni testowa\u0142a r\u00f3\u017cne procedury, aby zmniejszy\u0107 ryzyko podczas klejenia pacjent\u00f3w. Jak wszyscy wiemy gruntownie czysta, sucha powierzchnia z\u0119ba jest idealna [&hellip;]","og_url":"https:\/\/polorto.com.pl\/en\/brackets-bonding-during-covid-19\/","og_site_name":"Polorto","article_modified_time":"2026-03-10T15:50:03+00:00","og_image":[{"width":53,"height":113,"url":"https:\/\/polorto.com.pl\/wp-content\/uploads\/2023\/06\/buteleczka.png","type":"image\/png"}],"twitter_card":"summary_large_image","twitter_misc":{"Estimated reading time":"4 minutes"},"schema":{"@context":"https:\/\/schema.org","@graph":[{"@type":"WebPage","@id":"https:\/\/polorto.com.pl\/en\/brackets-bonding-during-covid-19\/","url":"https:\/\/polorto.com.pl\/en\/brackets-bonding-during-covid-19\/","name":"Brackets bonding during COVID \u2013 19 - Polorto","isPartOf":{"@id":"https:\/\/polorto.com.pl\/en\/#website"},"primaryImageOfPage":{"@id":"https:\/\/polorto.com.pl\/en\/brackets-bonding-during-covid-19\/#primaryimage"},"image":{"@id":"https:\/\/polorto.com.pl\/en\/brackets-bonding-during-covid-19\/#primaryimage"},"thumbnailUrl":"https:\/\/polorto.com.pl\/wp-content\/uploads\/2023\/06\/buteleczka.png","datePublished":"2023-11-06T13:18:03+00:00","dateModified":"2026-03-10T15:50:03+00:00","breadcrumb":{"@id":"https:\/\/polorto.com.pl\/en\/brackets-bonding-during-covid-19\/#breadcrumb"},"inLanguage":"en-GB","potentialAction":[{"@type":"ReadAction","target":["https:\/\/polorto.com.pl\/en\/brackets-bonding-during-covid-19\/"]}]},{"@type":"ImageObject","inLanguage":"en-GB","@id":"https:\/\/polorto.com.pl\/en\/brackets-bonding-during-covid-19\/#primaryimage","url":"https:\/\/polorto.com.pl\/wp-content\/uploads\/2023\/06\/buteleczka.png","contentUrl":"https:\/\/polorto.com.pl\/wp-content\/uploads\/2023\/06\/buteleczka.png"},{"@type":"BreadcrumbList","@id":"https:\/\/polorto.com.pl\/en\/brackets-bonding-during-covid-19\/#breadcrumb","itemListElement":[{"@type":"ListItem","position":1,"name":"Main","item":"https:\/\/polorto.com.pl\/en\/"},{"@type":"ListItem","position":2,"name":"Brackets bonding during COVID \u2013 19"}]},{"@type":"WebSite","@id":"https:\/\/polorto.com.pl\/en\/#website","url":"https:\/\/polorto.com.pl\/en\/","name":"Polorto","description":"Od 30 lat w stomatologii","potentialAction":[{"@type":"SearchAction","target":{"@type":"EntryPoint","urlTemplate":"https:\/\/polorto.com.pl\/en\/?s={search_term_string}"},"query-input":{"@type":"PropertyValueSpecification","valueRequired":true,"valueName":"search_term_string"}}],"inLanguage":"en-GB"}]}},"_links":{"self":[{"href":"https:\/\/polorto.com.pl\/en\/wp-json\/wp\/v2\/pages\/9188","targetHints":{"allow":["GET"]}}],"collection":[{"href":"https:\/\/polorto.com.pl\/en\/wp-json\/wp\/v2\/pages"}],"about":[{"href":"https:\/\/polorto.com.pl\/en\/wp-json\/wp\/v2\/types\/page"}],"author":[{"embeddable":true,"href":"https:\/\/polorto.com.pl\/en\/wp-json\/wp\/v2\/users\/3"}],"replies":[{"embeddable":true,"href":"https:\/\/polorto.com.pl\/en\/wp-json\/wp\/v2\/comments?post=9188"}],"version-history":[{"count":3,"href":"https:\/\/polorto.com.pl\/en\/wp-json\/wp\/v2\/pages\/9188\/revisions"}],"predecessor-version":[{"id":14192,"href":"https:\/\/polorto.com.pl\/en\/wp-json\/wp\/v2\/pages\/9188\/revisions\/14192"}],"wp:attachment":[{"href":"https:\/\/polorto.com.pl\/en\/wp-json\/wp\/v2\/media?parent=9188"}],"wp:term":[{"taxonomy":"post_tag","embeddable":true,"href":"https:\/\/polorto.com.pl\/en\/wp-json\/wp\/v2\/tags?post=9188"}],"curies":[{"name":"wp","href":"https:\/\/api.w.org\/{rel}","templated":true}]}}