{"id":9151,"date":"2023-11-03T15:31:19","date_gmt":"2023-11-03T15:31:19","guid":{"rendered":"https:\/\/polorto.com.pl\/?page_id=9151"},"modified":"2023-11-03T15:33:51","modified_gmt":"2023-11-03T15:33:51","slug":"carriere-motion-videos","status":"publish","type":"page","link":"https:\/\/polorto.com.pl\/en\/carriere-motion-videos\/","title":{"rendered":"Carriere Motion videos"},"content":{"rendered":"<div data-elementor-type=\"wp-page\" data-elementor-id=\"9151\" class=\"elementor elementor-9151\" data-elementor-post-type=\"page\">\n\t\t\t\t\t\t<section class=\"elementor-section elementor-top-section elementor-element elementor-element-3202687 elementor-section-boxed elementor-section-height-default elementor-section-height-default\" data-id=\"3202687\" data-element_type=\"section\" data-e-type=\"section\">\n\t\t\t\t\t\t<div class=\"elementor-container elementor-column-gap-default\">\n\t\t\t\t\t<div class=\"elementor-column elementor-col-100 elementor-top-column elementor-element elementor-element-2c5e7e7\" data-id=\"2c5e7e7\" data-element_type=\"column\" data-e-type=\"column\">\n\t\t\t<div class=\"elementor-widget-wrap elementor-element-populated\">\n\t\t\t\t\t\t<div class=\"elementor-element elementor-element-2f9e1295 elementor-widget elementor-widget-heading\" data-id=\"2f9e1295\" data-element_type=\"widget\" data-e-type=\"widget\" data-widget_type=\"heading.default\">\n\t\t\t\t<div class=\"elementor-widget-container\">\n\t\t\t\t\t<h2 class=\"elementor-heading-title elementor-size-default\">Filmy Carriere Motion\n<\/h2>\t\t\t\t<\/div>\n\t\t\t\t<\/div>\n\t\t\t\t<div class=\"elementor-element elementor-element-4808baf elementor-widget elementor-widget-text-editor\" data-id=\"4808baf\" data-element_type=\"widget\" data-e-type=\"widget\" data-widget_type=\"text-editor.default\">\n\t\t\t\t<div class=\"elementor-widget-container\">\n\t\t\t\t\t\t\t\t\t<div class=\"fl-col-group fl-node-60dc8fa83073f\" data-node=\"60dc8fa83073f\"><div class=\"fl-col fl-node-60dc8fa8307b3\" data-node=\"60dc8fa8307b3\"><div class=\"fl-col-content fl-node-content\"><div class=\"fl-module fl-module-rich-text fl-node-60dc918e3c15f\" data-node=\"60dc918e3c15f\"><div class=\"fl-module-content fl-node-content\"><div class=\"fl-rich-text\"><p>Zak\u0142adanie aparatu Carriere Motion do Klasy II<\/p><\/div><\/div><\/div><\/div><\/div><\/div>\t\t\t\t\t\t\t\t<\/div>\n\t\t\t\t<\/div>\n\t\t\t\t<div class=\"elementor-element elementor-element-e9f9a2c elementor-widget elementor-widget-video\" data-id=\"e9f9a2c\" data-element_type=\"widget\" data-e-type=\"widget\" data-settings=\"{&quot;youtube_url&quot;:&quot;https:\\\/\\\/youtu.be\\\/FcVHU64gnIg&quot;,&quot;video_type&quot;:&quot;youtube&quot;,&quot;controls&quot;:&quot;yes&quot;}\" data-widget_type=\"video.default\">\n\t\t\t\t<div class=\"elementor-widget-container\">\n\t\t\t\t\t\t\t<div class=\"elementor-wrapper elementor-open-inline\">\n\t\t\t<div class=\"elementor-video\"><\/div>\t\t<\/div>\n\t\t\t\t\t\t<\/div>\n\t\t\t\t<\/div>\n\t\t\t\t<div class=\"elementor-element elementor-element-808c6aa elementor-widget elementor-widget-text-editor\" data-id=\"808c6aa\" data-element_type=\"widget\" data-e-type=\"widget\" data-widget_type=\"text-editor.default\">\n\t\t\t\t<div class=\"elementor-widget-container\">\n\t\t\t\t\t\t\t\t\t<div class=\"fl-col-group fl-node-60dc8fa83073f\" data-node=\"60dc8fa83073f\"><div class=\"fl-col fl-node-60dc8fa8307b3\" data-node=\"60dc8fa8307b3\"><div class=\"fl-col-content fl-node-content\"><div class=\"fl-module fl-module-rich-text fl-node-60dc918e3c15f\" data-node=\"60dc918e3c15f\"><div class=\"fl-module-content fl-node-content\"><div class=\"fl-rich-text\"><p>Zak\u0142adanie aparatu Carriere Motion do Klasy III<\/p><\/div><\/div><\/div><\/div><\/div><\/div>\t\t\t\t\t\t\t\t<\/div>\n\t\t\t\t<\/div>\n\t\t\t\t<div class=\"elementor-element elementor-element-7d4102c elementor-widget elementor-widget-video\" data-id=\"7d4102c\" data-element_type=\"widget\" data-e-type=\"widget\" data-settings=\"{&quot;youtube_url&quot;:&quot;https:\\\/\\\/youtu.be\\\/N8i-xBdRnrI&quot;,&quot;video_type&quot;:&quot;youtube&quot;,&quot;controls&quot;:&quot;yes&quot;}\" data-widget_type=\"video.default\">\n\t\t\t\t<div class=\"elementor-widget-container\">\n\t\t\t\t\t\t\t<div class=\"elementor-wrapper elementor-open-inline\">\n\t\t\t<div class=\"elementor-video\"><\/div>\t\t<\/div>\n\t\t\t\t\t\t<\/div>\n\t\t\t\t<\/div>\n\t\t\t\t<div class=\"elementor-element elementor-element-834fa84 elementor-widget elementor-widget-text-editor\" data-id=\"834fa84\" data-element_type=\"widget\" data-e-type=\"widget\" data-widget_type=\"text-editor.default\">\n\t\t\t\t<div class=\"elementor-widget-container\">\n\t\t\t\t\t\t\t\t\t<div class=\"fl-col-group fl-node-60dc8fa83073f\" data-node=\"60dc8fa83073f\"><div class=\"fl-col fl-node-60dc8fa8307b3\" data-node=\"60dc8fa8307b3\"><div class=\"fl-col-content fl-node-content\"><div class=\"fl-module fl-module-rich-text fl-node-60dc918e3c15f\" data-node=\"60dc918e3c15f\"><div class=\"fl-module-content fl-node-content\"><div class=\"fl-rich-text\"><p>Zak\u0142adanie aparatu Carriere Motion 3D Clear do Klasy II<\/p><\/div><\/div><\/div><\/div><\/div><\/div>\t\t\t\t\t\t\t\t<\/div>\n\t\t\t\t<\/div>\n\t\t\t\t<div class=\"elementor-element elementor-element-8134914 elementor-widget elementor-widget-video\" data-id=\"8134914\" data-element_type=\"widget\" data-e-type=\"widget\" data-settings=\"{&quot;youtube_url&quot;:&quot;https:\\\/\\\/youtu.be\\\/qIsN1V_oH40&quot;,&quot;video_type&quot;:&quot;youtube&quot;,&quot;controls&quot;:&quot;yes&quot;}\" data-widget_type=\"video.default\">\n\t\t\t\t<div class=\"elementor-widget-container\">\n\t\t\t\t\t\t\t<div class=\"elementor-wrapper elementor-open-inline\">\n\t\t\t<div class=\"elementor-video\"><\/div>\t\t<\/div>\n\t\t\t\t\t\t<\/div>\n\t\t\t\t<\/div>\n\t\t\t\t<div class=\"elementor-element elementor-element-64cb237 elementor-widget elementor-widget-text-editor\" data-id=\"64cb237\" data-element_type=\"widget\" data-e-type=\"widget\" data-widget_type=\"text-editor.default\">\n\t\t\t\t<div class=\"elementor-widget-container\">\n\t\t\t\t\t\t\t\t\t<div class=\"fl-col-group fl-node-60dc8fa83073f\" data-node=\"60dc8fa83073f\"><div class=\"fl-col fl-node-60dc8fa8307b3\" data-node=\"60dc8fa8307b3\"><div class=\"fl-col-content fl-node-content\"><div class=\"fl-module fl-module-rich-text fl-node-60dc918e3c15f\" data-node=\"60dc918e3c15f\"><div class=\"fl-module-content fl-node-content\"><div class=\"fl-rich-text\"><p>Carriere Motion z \u0142ukiem lingualnym<\/p><\/div><\/div><\/div><\/div><\/div><\/div>\t\t\t\t\t\t\t\t<\/div>\n\t\t\t\t<\/div>\n\t\t\t\t<div class=\"elementor-element elementor-element-22a31be elementor-widget elementor-widget-video\" data-id=\"22a31be\" data-element_type=\"widget\" data-e-type=\"widget\" data-settings=\"{&quot;youtube_url&quot;:&quot;https:\\\/\\\/youtu.be\\\/mUcmUGXNcrE&quot;,&quot;video_type&quot;:&quot;youtube&quot;,&quot;controls&quot;:&quot;yes&quot;}\" data-widget_type=\"video.default\">\n\t\t\t\t<div class=\"elementor-widget-container\">\n\t\t\t\t\t\t\t<div class=\"elementor-wrapper elementor-open-inline\">\n\t\t\t<div class=\"elementor-video\"><\/div>\t\t<\/div>\n\t\t\t\t\t\t<\/div>\n\t\t\t\t<\/div>\n\t\t\t\t<div class=\"elementor-element elementor-element-4aeb0cb elementor-widget elementor-widget-text-editor\" data-id=\"4aeb0cb\" data-element_type=\"widget\" data-e-type=\"widget\" data-widget_type=\"text-editor.default\">\n\t\t\t\t<div class=\"elementor-widget-container\">\n\t\t\t\t\t\t\t\t\t<div class=\"fl-col-group fl-node-60dc8fa83073f\" data-node=\"60dc8fa83073f\"><div class=\"fl-col fl-node-60dc8fa8307b3\" data-node=\"60dc8fa8307b3\"><div class=\"fl-col-content fl-node-content\"><div class=\"fl-module fl-module-rich-text fl-node-60dc918e3c15f\" data-node=\"60dc918e3c15f\"><div class=\"fl-module-content fl-node-content\"><div class=\"fl-rich-text\"><p>Carrier Motion z doln\u0105 p\u0142ytk\u0105 ESSIX<\/p><\/div><\/div><\/div><\/div><\/div><\/div>\t\t\t\t\t\t\t\t<\/div>\n\t\t\t\t<\/div>\n\t\t\t\t<div class=\"elementor-element elementor-element-83effb2 elementor-widget elementor-widget-video\" data-id=\"83effb2\" data-element_type=\"widget\" data-e-type=\"widget\" data-settings=\"{&quot;youtube_url&quot;:&quot;https:\\\/\\\/youtu.be\\\/pLx7-k0Zjm8&quot;,&quot;video_type&quot;:&quot;youtube&quot;,&quot;controls&quot;:&quot;yes&quot;}\" data-widget_type=\"video.default\">\n\t\t\t\t<div class=\"elementor-widget-container\">\n\t\t\t\t\t\t\t<div class=\"elementor-wrapper elementor-open-inline\">\n\t\t\t<div class=\"elementor-video\"><\/div>\t\t<\/div>\n\t\t\t\t\t\t<\/div>\n\t\t\t\t<\/div>\n\t\t\t\t<div class=\"elementor-element elementor-element-ca9f105 elementor-widget elementor-widget-text-editor\" data-id=\"ca9f105\" data-element_type=\"widget\" data-e-type=\"widget\" data-widget_type=\"text-editor.default\">\n\t\t\t\t<div class=\"elementor-widget-container\">\n\t\t\t\t\t\t\t\t\t<div class=\"fl-col-group fl-node-60dc8fa83073f\" data-node=\"60dc8fa83073f\"><div class=\"fl-col fl-node-60dc8fa8307b3\" data-node=\"60dc8fa8307b3\"><div class=\"fl-col-content fl-node-content\"><div class=\"fl-module fl-module-rich-text fl-node-60dc918e3c15f\" data-node=\"60dc918e3c15f\"><div class=\"fl-module-content fl-node-content\"><div class=\"fl-rich-text\"><p>Leczenie z Carriere Motion II i aparatem sta\u0142ym<\/p><\/div><\/div><\/div><\/div><\/div><\/div>\t\t\t\t\t\t\t\t<\/div>\n\t\t\t\t<\/div>\n\t\t\t\t<div class=\"elementor-element elementor-element-c7b4ac8 elementor-widget elementor-widget-video\" data-id=\"c7b4ac8\" data-element_type=\"widget\" data-e-type=\"widget\" data-settings=\"{&quot;youtube_url&quot;:&quot;https:\\\/\\\/youtu.be\\\/Ow940Fur-gI&quot;,&quot;video_type&quot;:&quot;youtube&quot;,&quot;controls&quot;:&quot;yes&quot;}\" data-widget_type=\"video.default\">\n\t\t\t\t<div class=\"elementor-widget-container\">\n\t\t\t\t\t\t\t<div class=\"elementor-wrapper elementor-open-inline\">\n\t\t\t<div class=\"elementor-video\"><\/div>\t\t<\/div>\n\t\t\t\t\t\t<\/div>\n\t\t\t\t<\/div>\n\t\t\t\t<div class=\"elementor-element elementor-element-dd17a81 elementor-widget elementor-widget-text-editor\" data-id=\"dd17a81\" data-element_type=\"widget\" data-e-type=\"widget\" data-widget_type=\"text-editor.default\">\n\t\t\t\t<div class=\"elementor-widget-container\">\n\t\t\t\t\t\t\t\t\t<div class=\"fl-col-group fl-node-60dc8fa83073f\" data-node=\"60dc8fa83073f\"><div class=\"fl-col fl-node-60dc8fa8307b3\" data-node=\"60dc8fa8307b3\"><div class=\"fl-col-content fl-node-content\"><div class=\"fl-module fl-module-rich-text fl-node-60dc918e3c15f\" data-node=\"60dc918e3c15f\"><div class=\"fl-module-content fl-node-content\"><div class=\"fl-rich-text\"><p>Leczenie z Carriere Motion Clear II i Alignerami<\/p><\/div><\/div><\/div><\/div><\/div><\/div>\t\t\t\t\t\t\t\t<\/div>\n\t\t\t\t<\/div>\n\t\t\t\t<div class=\"elementor-element elementor-element-eed99fc elementor-widget elementor-widget-video\" data-id=\"eed99fc\" data-element_type=\"widget\" data-e-type=\"widget\" data-settings=\"{&quot;youtube_url&quot;:&quot;https:\\\/\\\/youtu.be\\\/aEDpd_R4WiY&quot;,&quot;video_type&quot;:&quot;youtube&quot;,&quot;controls&quot;:&quot;yes&quot;}\" data-widget_type=\"video.default\">\n\t\t\t\t<div class=\"elementor-widget-container\">\n\t\t\t\t\t\t\t<div class=\"elementor-wrapper elementor-open-inline\">\n\t\t\t<div class=\"elementor-video\"><\/div>\t\t<\/div>\n\t\t\t\t\t\t<\/div>\n\t\t\t\t<\/div>\n\t\t\t\t<div class=\"elementor-element elementor-element-bbe103d elementor-widget elementor-widget-text-editor\" data-id=\"bbe103d\" data-element_type=\"widget\" data-e-type=\"widget\" data-widget_type=\"text-editor.default\">\n\t\t\t\t<div class=\"elementor-widget-container\">\n\t\t\t\t\t\t\t\t\t<div class=\"fl-col-group fl-node-60dc8fa83073f\" data-node=\"60dc8fa83073f\"><div class=\"fl-col fl-node-60dc8fa8307b3\" data-node=\"60dc8fa8307b3\"><div class=\"fl-col-content fl-node-content\"><div class=\"fl-module fl-module-rich-text fl-node-60dc918e3c15f\" data-node=\"60dc918e3c15f\"><div class=\"fl-module-content fl-node-content\"><div class=\"fl-rich-text\"><p>Leczenie z Carriere Motion III<\/p><\/div><\/div><\/div><\/div><\/div><\/div>\t\t\t\t\t\t\t\t<\/div>\n\t\t\t\t<\/div>\n\t\t\t\t<div class=\"elementor-element elementor-element-5ad0693 elementor-widget elementor-widget-video\" data-id=\"5ad0693\" data-element_type=\"widget\" data-e-type=\"widget\" data-settings=\"{&quot;youtube_url&quot;:&quot;https:\\\/\\\/youtu.be\\\/uzEzKNCc0TA&quot;,&quot;video_type&quot;:&quot;youtube&quot;,&quot;controls&quot;:&quot;yes&quot;}\" data-widget_type=\"video.default\">\n\t\t\t\t<div class=\"elementor-widget-container\">\n\t\t\t\t\t\t\t<div class=\"elementor-wrapper elementor-open-inline\">\n\t\t\t<div class=\"elementor-video\"><\/div>\t\t<\/div>\n\t\t\t\t\t\t<\/div>\n\t\t\t\t<\/div>\n\t\t\t\t<div class=\"elementor-element elementor-element-d07fd81 elementor-widget elementor-widget-text-editor\" data-id=\"d07fd81\" data-element_type=\"widget\" data-e-type=\"widget\" data-widget_type=\"text-editor.default\">\n\t\t\t\t<div class=\"elementor-widget-container\">\n\t\t\t\t\t\t\t\t\t<div class=\"fl-col-group fl-node-60dc8fa83073f\" data-node=\"60dc8fa83073f\"><div class=\"fl-col fl-node-60dc8fa8307b3\" data-node=\"60dc8fa8307b3\"><div class=\"fl-col-content fl-node-content\"><div class=\"fl-module fl-module-rich-text fl-node-60dc918e3c15f\" data-node=\"60dc918e3c15f\"><div class=\"fl-module-content fl-node-content\"><div class=\"fl-rich-text\"><p>Leczenie Klasy III z Carriere Motion \u2013 Przypadek \u2013 Alternatywa do leczenia chirurgicznego<\/p><\/div><\/div><\/div><\/div><\/div><\/div>\t\t\t\t\t\t\t\t<\/div>\n\t\t\t\t<\/div>\n\t\t\t\t<div class=\"elementor-element elementor-element-df9f23f elementor-widget elementor-widget-video\" data-id=\"df9f23f\" data-element_type=\"widget\" data-e-type=\"widget\" data-settings=\"{&quot;youtube_url&quot;:&quot;https:\\\/\\\/youtu.be\\\/yYfmOriCOIo&quot;,&quot;video_type&quot;:&quot;youtube&quot;,&quot;controls&quot;:&quot;yes&quot;}\" data-widget_type=\"video.default\">\n\t\t\t\t<div class=\"elementor-widget-container\">\n\t\t\t\t\t\t\t<div class=\"elementor-wrapper elementor-open-inline\">\n\t\t\t<div class=\"elementor-video\"><\/div>\t\t<\/div>\n\t\t\t\t\t\t<\/div>\n\t\t\t\t<\/div>\n\t\t\t\t<div class=\"elementor-element elementor-element-9d0525e elementor-widget elementor-widget-text-editor\" data-id=\"9d0525e\" data-element_type=\"widget\" data-e-type=\"widget\" data-widget_type=\"text-editor.default\">\n\t\t\t\t<div class=\"elementor-widget-container\">\n\t\t\t\t\t\t\t\t\t<div class=\"fl-col-group fl-node-60dc8fa83073f\" data-node=\"60dc8fa83073f\"><div class=\"fl-col fl-node-60dc8fa8307b3\" data-node=\"60dc8fa8307b3\"><div class=\"fl-col-content fl-node-content\"><div class=\"fl-module fl-module-rich-text fl-node-60dc918e3c15f\" data-node=\"60dc918e3c15f\"><div class=\"fl-module-content fl-node-content\"><div class=\"fl-rich-text\"><p>Zdejmowanie aparatu Carriere Motion<\/p><\/div><\/div><\/div><\/div><\/div><\/div>\t\t\t\t\t\t\t\t<\/div>\n\t\t\t\t<\/div>\n\t\t\t\t<div class=\"elementor-element elementor-element-3820798 elementor-widget elementor-widget-video\" data-id=\"3820798\" data-element_type=\"widget\" data-e-type=\"widget\" data-settings=\"{&quot;youtube_url&quot;:&quot;https:\\\/\\\/youtu.be\\\/Bf45QPPQMds&quot;,&quot;video_type&quot;:&quot;youtube&quot;,&quot;controls&quot;:&quot;yes&quot;}\" data-widget_type=\"video.default\">\n\t\t\t\t<div class=\"elementor-widget-container\">\n\t\t\t\t\t\t\t<div class=\"elementor-wrapper elementor-open-inline\">\n\t\t\t<div class=\"elementor-video\"><\/div>\t\t<\/div>\n\t\t\t\t\t\t<\/div>\n\t\t\t\t<\/div>\n\t\t\t\t<div class=\"elementor-element elementor-element-766c36a elementor-widget elementor-widget-text-editor\" data-id=\"766c36a\" data-element_type=\"widget\" data-e-type=\"widget\" data-widget_type=\"text-editor.default\">\n\t\t\t\t<div class=\"elementor-widget-container\">\n\t\t\t\t\t\t\t\t\t<div class=\"fl-col-group fl-node-60dc8fa83073f\" data-node=\"60dc8fa83073f\"><div class=\"fl-col fl-node-60dc8fa8307b3\" data-node=\"60dc8fa8307b3\"><div class=\"fl-col-content fl-node-content\"><div class=\"fl-module fl-module-rich-text fl-node-60dc918e3c15f\" data-node=\"60dc918e3c15f\"><div class=\"fl-module-content fl-node-content\"><div class=\"fl-rich-text\"><p>MOTION 3D: jak za\u0142o\u017cy\u0107 elastyczne wyci\u0105gi<\/p><\/div><\/div><\/div><\/div><\/div><\/div>\t\t\t\t\t\t\t\t<\/div>\n\t\t\t\t<\/div>\n\t\t\t\t<div class=\"elementor-element elementor-element-6cdb4ff elementor-widget elementor-widget-video\" data-id=\"6cdb4ff\" data-element_type=\"widget\" data-e-type=\"widget\" data-settings=\"{&quot;youtube_url&quot;:&quot;https:\\\/\\\/youtu.be\\\/cjg_iNMm-6w&quot;,&quot;video_type&quot;:&quot;youtube&quot;,&quot;controls&quot;:&quot;yes&quot;}\" data-widget_type=\"video.default\">\n\t\t\t\t<div class=\"elementor-widget-container\">\n\t\t\t\t\t\t\t<div class=\"elementor-wrapper elementor-open-inline\">\n\t\t\t<div class=\"elementor-video\"><\/div>\t\t<\/div>\n\t\t\t\t\t\t<\/div>\n\t\t\t\t<\/div>\n\t\t\t\t<div class=\"elementor-element elementor-element-8d3121f elementor-widget elementor-widget-spacer\" data-id=\"8d3121f\" data-element_type=\"widget\" data-e-type=\"widget\" data-widget_type=\"spacer.default\">\n\t\t\t\t<div class=\"elementor-widget-container\">\n\t\t\t\t\t\t\t<div class=\"elementor-spacer\">\n\t\t\t<div class=\"elementor-spacer-inner\"><\/div>\n\t\t<\/div>\n\t\t\t\t\t\t<\/div>\n\t\t\t\t<\/div>\n\t\t\t\t\t<\/div>\n\t\t<\/div>\n\t\t\t\t\t<\/div>\n\t\t<\/section>\n\t\t\t\t<\/div>","protected":false},"excerpt":{"rendered":"<p>Filmy Carriere Motion Zak\u0142adanie aparatu Carriere Motion do Klasy II Zak\u0142adanie aparatu Carriere Motion do Klasy III Zak\u0142adanie aparatu Carriere Motion 3D Clear do Klasy II Carriere Motion z \u0142ukiem [&hellip;]<\/p>\n","protected":false},"author":3,"featured_media":0,"parent":0,"menu_order":0,"comment_status":"closed","ping_status":"closed","template":"","meta":{"_acf_changed":false,"site-sidebar-layout":"no-sidebar","site-content-layout":"page-builder","ast-site-content-layout":"full-width-container","site-content-style":"unboxed","site-sidebar-style":"unboxed","ast-global-header-display":"","ast-banner-title-visibility":"","ast-main-header-display":"","ast-hfb-above-header-display":"","ast-hfb-below-header-display":"","ast-hfb-mobile-header-display":"","site-post-title":"disabled","ast-breadcrumbs-content":"","ast-featured-img":"disabled","footer-sml-layout":"","ast-disable-related-posts":"","theme-transparent-header-meta":"default","adv-header-id-meta":"","stick-header-meta":"","header-above-stick-meta":"","header-main-stick-meta":"","header-below-stick-meta":"","astra-migrate-meta-layouts":"set","ast-page-background-enabled":"default","ast-page-background-meta":{"desktop":{"background-color":"var(--ast-global-color-4)","background-image":"","background-repeat":"repeat","background-position":"center center","background-size":"auto","background-attachment":"scroll","background-type":"","background-media":"","overlay-type":"","overlay-color":"","overlay-opacity":"","overlay-gradient":""},"tablet":{"background-color":"","background-image":"","background-repeat":"repeat","background-position":"center center","background-size":"auto","background-attachment":"scroll","background-type":"","background-media":"","overlay-type":"","overlay-color":"","overlay-opacity":"","overlay-gradient":""},"mobile":{"background-color":"","background-image":"","background-repeat":"repeat","background-position":"center center","background-size":"auto","background-attachment":"scroll","background-type":"","background-media":"","overlay-type":"","overlay-color":"","overlay-opacity":"","overlay-gradient":""}},"ast-content-background-meta":{"desktop":{"background-color":"var(--ast-global-color-5)","background-image":"","background-repeat":"repeat","background-position":"center center","background-size":"auto","background-attachment":"scroll","background-type":"","background-media":"","overlay-type":"","overlay-color":"","overlay-opacity":"","overlay-gradient":""},"tablet":{"background-color":"var(--ast-global-color-5)","background-image":"","background-repeat":"repeat","background-position":"center center","background-size":"auto","background-attachment":"scroll","background-type":"","background-media":"","overlay-type":"","overlay-color":"","overlay-opacity":"","overlay-gradient":""},"mobile":{"background-color":"var(--ast-global-color-5)","background-image":"","background-repeat":"repeat","background-position":"center center","background-size":"auto","background-attachment":"scroll","background-type":"","background-media":"","overlay-type":"","overlay-color":"","overlay-opacity":"","overlay-gradient":""}},"footnotes":""},"tags":[75],"class_list":["post-9151","page","type-page","status-publish","hentry","tag-produkt-en"],"acf":[],"yoast_head":"<!-- This site is optimized with the Yoast SEO plugin v27.4 - https:\/\/yoast.com\/product\/yoast-seo-wordpress\/ -->\n<title>Carriere Motion videos - Polorto<\/title>\n<meta name=\"robots\" content=\"index, follow, max-snippet:-1, max-image-preview:large, max-video-preview:-1\" \/>\n<link rel=\"canonical\" href=\"https:\/\/polorto.com.pl\/en\/carriere-motion-videos\/\" \/>\n<meta property=\"og:locale\" content=\"en_GB\" \/>\n<meta property=\"og:type\" content=\"article\" \/>\n<meta property=\"og:title\" content=\"Carriere Motion videos - Polorto\" \/>\n<meta property=\"og:description\" content=\"Filmy Carriere Motion Zak\u0142adanie aparatu Carriere Motion do Klasy II Zak\u0142adanie aparatu Carriere Motion do Klasy III Zak\u0142adanie aparatu Carriere Motion 3D Clear do Klasy II Carriere Motion z \u0142ukiem [&hellip;]\" \/>\n<meta property=\"og:url\" content=\"https:\/\/polorto.com.pl\/en\/carriere-motion-videos\/\" \/>\n<meta property=\"og:site_name\" content=\"Polorto\" \/>\n<meta property=\"article:modified_time\" content=\"2023-11-03T15:33:51+00:00\" \/>\n<meta name=\"twitter:card\" content=\"summary_large_image\" \/>\n<meta name=\"twitter:label1\" content=\"Estimated reading time\" \/>\n\t<meta name=\"twitter:data1\" content=\"1 minute\" \/>\n<script type=\"application\/ld+json\" class=\"yoast-schema-graph\">{\"@context\":\"https:\\\/\\\/schema.org\",\"@graph\":[{\"@type\":\"WebPage\",\"@id\":\"https:\\\/\\\/polorto.com.pl\\\/en\\\/carriere-motion-videos\\\/\",\"url\":\"https:\\\/\\\/polorto.com.pl\\\/en\\\/carriere-motion-videos\\\/\",\"name\":\"Carriere Motion videos - Polorto\",\"isPartOf\":{\"@id\":\"https:\\\/\\\/polorto.com.pl\\\/en\\\/#website\"},\"datePublished\":\"2023-11-03T15:31:19+00:00\",\"dateModified\":\"2023-11-03T15:33:51+00:00\",\"breadcrumb\":{\"@id\":\"https:\\\/\\\/polorto.com.pl\\\/en\\\/carriere-motion-videos\\\/#breadcrumb\"},\"inLanguage\":\"en-GB\",\"potentialAction\":[{\"@type\":\"ReadAction\",\"target\":[\"https:\\\/\\\/polorto.com.pl\\\/en\\\/carriere-motion-videos\\\/\"]}]},{\"@type\":\"BreadcrumbList\",\"@id\":\"https:\\\/\\\/polorto.com.pl\\\/en\\\/carriere-motion-videos\\\/#breadcrumb\",\"itemListElement\":[{\"@type\":\"ListItem\",\"position\":1,\"name\":\"Main\",\"item\":\"https:\\\/\\\/polorto.com.pl\\\/en\\\/\"},{\"@type\":\"ListItem\",\"position\":2,\"name\":\"Carriere Motion videos\"}]},{\"@type\":\"WebSite\",\"@id\":\"https:\\\/\\\/polorto.com.pl\\\/en\\\/#website\",\"url\":\"https:\\\/\\\/polorto.com.pl\\\/en\\\/\",\"name\":\"Polorto\",\"description\":\"Od 30 lat w stomatologii\",\"potentialAction\":[{\"@type\":\"SearchAction\",\"target\":{\"@type\":\"EntryPoint\",\"urlTemplate\":\"https:\\\/\\\/polorto.com.pl\\\/en\\\/?s={search_term_string}\"},\"query-input\":{\"@type\":\"PropertyValueSpecification\",\"valueRequired\":true,\"valueName\":\"search_term_string\"}}],\"inLanguage\":\"en-GB\"}]}<\/script>\n<!-- \/ Yoast SEO plugin. -->","yoast_head_json":{"title":"Carriere Motion videos - Polorto","robots":{"index":"index","follow":"follow","max-snippet":"max-snippet:-1","max-image-preview":"max-image-preview:large","max-video-preview":"max-video-preview:-1"},"canonical":"https:\/\/polorto.com.pl\/en\/carriere-motion-videos\/","og_locale":"en_GB","og_type":"article","og_title":"Carriere Motion videos - Polorto","og_description":"Filmy Carriere Motion Zak\u0142adanie aparatu Carriere Motion do Klasy II Zak\u0142adanie aparatu Carriere Motion do Klasy III Zak\u0142adanie aparatu Carriere Motion 3D Clear do Klasy II Carriere Motion z \u0142ukiem [&hellip;]","og_url":"https:\/\/polorto.com.pl\/en\/carriere-motion-videos\/","og_site_name":"Polorto","article_modified_time":"2023-11-03T15:33:51+00:00","twitter_card":"summary_large_image","twitter_misc":{"Estimated reading time":"1 minute"},"schema":{"@context":"https:\/\/schema.org","@graph":[{"@type":"WebPage","@id":"https:\/\/polorto.com.pl\/en\/carriere-motion-videos\/","url":"https:\/\/polorto.com.pl\/en\/carriere-motion-videos\/","name":"Carriere Motion videos - Polorto","isPartOf":{"@id":"https:\/\/polorto.com.pl\/en\/#website"},"datePublished":"2023-11-03T15:31:19+00:00","dateModified":"2023-11-03T15:33:51+00:00","breadcrumb":{"@id":"https:\/\/polorto.com.pl\/en\/carriere-motion-videos\/#breadcrumb"},"inLanguage":"en-GB","potentialAction":[{"@type":"ReadAction","target":["https:\/\/polorto.com.pl\/en\/carriere-motion-videos\/"]}]},{"@type":"BreadcrumbList","@id":"https:\/\/polorto.com.pl\/en\/carriere-motion-videos\/#breadcrumb","itemListElement":[{"@type":"ListItem","position":1,"name":"Main","item":"https:\/\/polorto.com.pl\/en\/"},{"@type":"ListItem","position":2,"name":"Carriere Motion videos"}]},{"@type":"WebSite","@id":"https:\/\/polorto.com.pl\/en\/#website","url":"https:\/\/polorto.com.pl\/en\/","name":"Polorto","description":"Od 30 lat w stomatologii","potentialAction":[{"@type":"SearchAction","target":{"@type":"EntryPoint","urlTemplate":"https:\/\/polorto.com.pl\/en\/?s={search_term_string}"},"query-input":{"@type":"PropertyValueSpecification","valueRequired":true,"valueName":"search_term_string"}}],"inLanguage":"en-GB"}]}},"_links":{"self":[{"href":"https:\/\/polorto.com.pl\/en\/wp-json\/wp\/v2\/pages\/9151","targetHints":{"allow":["GET"]}}],"collection":[{"href":"https:\/\/polorto.com.pl\/en\/wp-json\/wp\/v2\/pages"}],"about":[{"href":"https:\/\/polorto.com.pl\/en\/wp-json\/wp\/v2\/types\/page"}],"author":[{"embeddable":true,"href":"https:\/\/polorto.com.pl\/en\/wp-json\/wp\/v2\/users\/3"}],"replies":[{"embeddable":true,"href":"https:\/\/polorto.com.pl\/en\/wp-json\/wp\/v2\/comments?post=9151"}],"version-history":[{"count":0,"href":"https:\/\/polorto.com.pl\/en\/wp-json\/wp\/v2\/pages\/9151\/revisions"}],"wp:attachment":[{"href":"https:\/\/polorto.com.pl\/en\/wp-json\/wp\/v2\/media?parent=9151"}],"wp:term":[{"taxonomy":"post_tag","embeddable":true,"href":"https:\/\/polorto.com.pl\/en\/wp-json\/wp\/v2\/tags?post=9151"}],"curies":[{"name":"wp","href":"https:\/\/api.w.org\/{rel}","templated":true}]}}