{"id":10070,"date":"2023-11-17T18:33:05","date_gmt":"2023-11-17T18:33:05","guid":{"rendered":"https:\/\/polorto.com.pl\/?page_id=10070"},"modified":"2026-03-10T16:58:23","modified_gmt":"2026-03-10T16:58:23","slug":"consent","status":"publish","type":"page","link":"https:\/\/polorto.com.pl\/en\/consent\/","title":{"rendered":"Consent"},"content":{"rendered":"<div data-elementor-type=\"wp-page\" data-elementor-id=\"10070\" class=\"elementor elementor-10070\" data-elementor-post-type=\"page\">\n\t\t\t\t\t\t<section class=\"elementor-section elementor-top-section elementor-element elementor-element-578f4ac elementor-section-boxed elementor-section-height-default elementor-section-height-default\" data-id=\"578f4ac\" data-element_type=\"section\" data-e-type=\"section\">\n\t\t\t\t\t\t<div class=\"elementor-container elementor-column-gap-default\">\n\t\t\t\t\t<div class=\"elementor-column elementor-col-100 elementor-top-column elementor-element elementor-element-d420e65\" data-id=\"d420e65\" data-element_type=\"column\" data-e-type=\"column\">\n\t\t\t<div class=\"elementor-widget-wrap elementor-element-populated\">\n\t\t\t\t\t\t<div class=\"elementor-element elementor-element-269ca84 elementor-widget elementor-widget-heading\" data-id=\"269ca84\" data-element_type=\"widget\" data-e-type=\"widget\" data-widget_type=\"heading.default\">\n\t\t\t\t<div class=\"elementor-widget-container\">\n\t\t\t\t\t<h1 class=\"elementor-heading-title elementor-size-default\">I consent to the processing of my personal data<\/h1>\t\t\t\t<\/div>\n\t\t\t\t<\/div>\n\t\t\t\t<div class=\"elementor-element elementor-element-ca9534f elementor-widget elementor-widget-text-editor\" data-id=\"ca9534f\" data-element_type=\"widget\" data-e-type=\"widget\" data-widget_type=\"text-editor.default\">\n\t\t\t\t<div class=\"elementor-widget-container\">\n\t\t\t\t\t\t\t\t\t<p>I consent to the processing of my personal data in connection with the answer to the question I asked pursuant to the Act of 10 May 2018 on the protection of personal data and the Regulation (EU) 2016\/679 of the European Parliament and of the Council of 27 April 2016 on protection of natural persons with regard to the processing of personal data and on the free movement of such data, and repealing Directive 95\/46\/EC (GDPR). Providing data is voluntary, but necessary to process the inquiry. I was informed that I have the right to access my data, correct it and request that its processing be stopped. The administrator of personal data is POLORTO TOMASZ STEFA\u0143CZYK NIP: 573-10-82-788 with its registered office at ul. Zwyci\u0119zc\u00f3w 18, 42-217 Cz\u0119stochowa.<\/p>\t\t\t\t\t\t\t\t<\/div>\n\t\t\t\t<\/div>\n\t\t\t\t\t<\/div>\n\t\t<\/div>\n\t\t\t\t\t<\/div>\n\t\t<\/section>\n\t\t\t\t<section class=\"elementor-section elementor-top-section elementor-element elementor-element-460d469 elementor-section-boxed elementor-section-height-default elementor-section-height-default\" data-id=\"460d469\" data-element_type=\"section\" data-e-type=\"section\">\n\t\t\t\t\t\t<div class=\"elementor-container elementor-column-gap-default\">\n\t\t\t\t\t<div class=\"elementor-column elementor-col-100 elementor-top-column elementor-element elementor-element-91b21c8\" data-id=\"91b21c8\" data-element_type=\"column\" data-e-type=\"column\">\n\t\t\t<div class=\"elementor-widget-wrap elementor-element-populated\">\n\t\t\t\t\t\t<div class=\"elementor-element elementor-element-7ff0dd5 elementor-widget elementor-widget-heading\" data-id=\"7ff0dd5\" data-element_type=\"widget\" data-e-type=\"widget\" data-widget_type=\"heading.default\">\n\t\t\t\t<div class=\"elementor-widget-container\">\n\t\t\t\t\t<h2 class=\"elementor-heading-title elementor-size-default\">I consent to the processing of my personal data for marketing purposes<\/h2>\t\t\t\t<\/div>\n\t\t\t\t<\/div>\n\t\t\t\t<div class=\"elementor-element elementor-element-442e215 elementor-widget elementor-widget-text-editor\" data-id=\"442e215\" data-element_type=\"widget\" data-e-type=\"widget\" data-widget_type=\"text-editor.default\">\n\t\t\t\t<div class=\"elementor-widget-container\">\n\t\t\t\t\t\t\t\t\t<p>I consent to the processing of my personal data in accordance with the Act of May 10, 2018 on the protection of personal data and Regulation (EU) 2016\/679 of the European Parliament and of the Council of April 27, 2016 on the protection of natural persons with regard to the processing of personal data and on the free movement of such data and repealing Directive 95\/46\/EC for the purpose of sending commercial information by electronic means in accordance with the Act on the provision of electronic services to the e-mail address or mobile phone number provided for this purpose. I was informed that I have the right to access my data, the possibility of correcting it, requesting the cessation of its processing and requesting its deletion. The data administrator is POLORTO TOMASZ STEFA\u0143CZYK NIP: 573-10-82-788 with its registered office at ul. Zwyci\u0119zc\u00f3w 18, 42-217 Cz\u0119stochowa.<\/p>\t\t\t\t\t\t\t\t<\/div>\n\t\t\t\t<\/div>\n\t\t\t\t\t<\/div>\n\t\t<\/div>\n\t\t\t\t\t<\/div>\n\t\t<\/section>\n\t\t\t\t<\/div>","protected":false},"excerpt":{"rendered":"<p>I consent to the processing of my personal data I consent to the processing of my personal data in connection with the answer to the question I asked pursuant to [&hellip;]<\/p>\n","protected":false},"author":3,"featured_media":0,"parent":0,"menu_order":0,"comment_status":"closed","ping_status":"closed","template":"","meta":{"_acf_changed":false,"site-sidebar-layout":"no-sidebar","site-content-layout":"page-builder","ast-site-content-layout":"full-width-container","site-content-style":"default","site-sidebar-style":"default","ast-global-header-display":"","ast-banner-title-visibility":"","ast-main-header-display":"","ast-hfb-above-header-display":"","ast-hfb-below-header-display":"","ast-hfb-mobile-header-display":"","site-post-title":"disabled","ast-breadcrumbs-content":"","ast-featured-img":"disabled","footer-sml-layout":"","ast-disable-related-posts":"","theme-transparent-header-meta":"default","adv-header-id-meta":"","stick-header-meta":"","header-above-stick-meta":"","header-main-stick-meta":"","header-below-stick-meta":"","astra-migrate-meta-layouts":"set","ast-page-background-enabled":"default","ast-page-background-meta":{"desktop":{"background-color":"var(--ast-global-color-4)","background-image":"","background-repeat":"repeat","background-position":"center center","background-size":"auto","background-attachment":"scroll","background-type":"","background-media":"","overlay-type":"","overlay-color":"","overlay-opacity":"","overlay-gradient":""},"tablet":{"background-color":"","background-image":"","background-repeat":"repeat","background-position":"center center","background-size":"auto","background-attachment":"scroll","background-type":"","background-media":"","overlay-type":"","overlay-color":"","overlay-opacity":"","overlay-gradient":""},"mobile":{"background-color":"","background-image":"","background-repeat":"repeat","background-position":"center center","background-size":"auto","background-attachment":"scroll","background-type":"","background-media":"","overlay-type":"","overlay-color":"","overlay-opacity":"","overlay-gradient":""}},"ast-content-background-meta":{"desktop":{"background-color":"var(--ast-global-color-5)","background-image":"","background-repeat":"repeat","background-position":"center center","background-size":"auto","background-attachment":"scroll","background-type":"","background-media":"","overlay-type":"","overlay-color":"","overlay-opacity":"","overlay-gradient":""},"tablet":{"background-color":"var(--ast-global-color-5)","background-image":"","background-repeat":"repeat","background-position":"center center","background-size":"auto","background-attachment":"scroll","background-type":"","background-media":"","overlay-type":"","overlay-color":"","overlay-opacity":"","overlay-gradient":""},"mobile":{"background-color":"var(--ast-global-color-5)","background-image":"","background-repeat":"repeat","background-position":"center center","background-size":"auto","background-attachment":"scroll","background-type":"","background-media":"","overlay-type":"","overlay-color":"","overlay-opacity":"","overlay-gradient":""}},"footnotes":""},"tags":[],"class_list":["post-10070","page","type-page","status-publish","hentry"],"acf":[],"yoast_head":"<!-- This site is optimized with the Yoast SEO plugin v27.4 - https:\/\/yoast.com\/product\/yoast-seo-wordpress\/ -->\n<title>Consent forms for orthodontic treatment - Polorto<\/title>\n<meta name=\"robots\" content=\"index, follow, max-snippet:-1, max-image-preview:large, max-video-preview:-1\" \/>\n<link rel=\"canonical\" href=\"https:\/\/polorto.com.pl\/en\/consent\/\" \/>\n<meta property=\"og:locale\" content=\"en_GB\" \/>\n<meta property=\"og:type\" content=\"article\" \/>\n<meta property=\"og:title\" content=\"Consent forms for orthodontic treatment - Polorto\" \/>\n<meta property=\"og:description\" content=\"I consent to the processing of my personal data I consent to the processing of my personal data in connection with the answer to the question I asked pursuant to [&hellip;]\" \/>\n<meta property=\"og:url\" content=\"https:\/\/polorto.com.pl\/en\/consent\/\" \/>\n<meta property=\"og:site_name\" content=\"Polorto\" \/>\n<meta property=\"article:modified_time\" content=\"2026-03-10T16:58:23+00:00\" \/>\n<meta name=\"twitter:card\" content=\"summary_large_image\" \/>\n<meta name=\"twitter:label1\" content=\"Estimated reading time\" \/>\n\t<meta name=\"twitter:data1\" content=\"2 minutes\" \/>\n<script type=\"application\/ld+json\" class=\"yoast-schema-graph\">{\"@context\":\"https:\\\/\\\/schema.org\",\"@graph\":[{\"@type\":\"WebPage\",\"@id\":\"https:\\\/\\\/polorto.com.pl\\\/en\\\/consent\\\/\",\"url\":\"https:\\\/\\\/polorto.com.pl\\\/en\\\/consent\\\/\",\"name\":\"Consent forms for orthodontic treatment - Polorto\",\"isPartOf\":{\"@id\":\"https:\\\/\\\/polorto.com.pl\\\/en\\\/#website\"},\"datePublished\":\"2023-11-17T18:33:05+00:00\",\"dateModified\":\"2026-03-10T16:58:23+00:00\",\"breadcrumb\":{\"@id\":\"https:\\\/\\\/polorto.com.pl\\\/en\\\/consent\\\/#breadcrumb\"},\"inLanguage\":\"en-GB\",\"potentialAction\":[{\"@type\":\"ReadAction\",\"target\":[\"https:\\\/\\\/polorto.com.pl\\\/en\\\/consent\\\/\"]}]},{\"@type\":\"BreadcrumbList\",\"@id\":\"https:\\\/\\\/polorto.com.pl\\\/en\\\/consent\\\/#breadcrumb\",\"itemListElement\":[{\"@type\":\"ListItem\",\"position\":1,\"name\":\"Main\",\"item\":\"https:\\\/\\\/polorto.com.pl\\\/en\\\/\"},{\"@type\":\"ListItem\",\"position\":2,\"name\":\"Consent\"}]},{\"@type\":\"WebSite\",\"@id\":\"https:\\\/\\\/polorto.com.pl\\\/en\\\/#website\",\"url\":\"https:\\\/\\\/polorto.com.pl\\\/en\\\/\",\"name\":\"Polorto\",\"description\":\"Od 30 lat w stomatologii\",\"potentialAction\":[{\"@type\":\"SearchAction\",\"target\":{\"@type\":\"EntryPoint\",\"urlTemplate\":\"https:\\\/\\\/polorto.com.pl\\\/en\\\/?s={search_term_string}\"},\"query-input\":{\"@type\":\"PropertyValueSpecification\",\"valueRequired\":true,\"valueName\":\"search_term_string\"}}],\"inLanguage\":\"en-GB\"}]}<\/script>\n<!-- \/ Yoast SEO plugin. -->","yoast_head_json":{"title":"Consent forms for orthodontic treatment - Polorto","robots":{"index":"index","follow":"follow","max-snippet":"max-snippet:-1","max-image-preview":"max-image-preview:large","max-video-preview":"max-video-preview:-1"},"canonical":"https:\/\/polorto.com.pl\/en\/consent\/","og_locale":"en_GB","og_type":"article","og_title":"Consent forms for orthodontic treatment - Polorto","og_description":"I consent to the processing of my personal data I consent to the processing of my personal data in connection with the answer to the question I asked pursuant to [&hellip;]","og_url":"https:\/\/polorto.com.pl\/en\/consent\/","og_site_name":"Polorto","article_modified_time":"2026-03-10T16:58:23+00:00","twitter_card":"summary_large_image","twitter_misc":{"Estimated reading time":"2 minutes"},"schema":{"@context":"https:\/\/schema.org","@graph":[{"@type":"WebPage","@id":"https:\/\/polorto.com.pl\/en\/consent\/","url":"https:\/\/polorto.com.pl\/en\/consent\/","name":"Consent forms for orthodontic treatment - Polorto","isPartOf":{"@id":"https:\/\/polorto.com.pl\/en\/#website"},"datePublished":"2023-11-17T18:33:05+00:00","dateModified":"2026-03-10T16:58:23+00:00","breadcrumb":{"@id":"https:\/\/polorto.com.pl\/en\/consent\/#breadcrumb"},"inLanguage":"en-GB","potentialAction":[{"@type":"ReadAction","target":["https:\/\/polorto.com.pl\/en\/consent\/"]}]},{"@type":"BreadcrumbList","@id":"https:\/\/polorto.com.pl\/en\/consent\/#breadcrumb","itemListElement":[{"@type":"ListItem","position":1,"name":"Main","item":"https:\/\/polorto.com.pl\/en\/"},{"@type":"ListItem","position":2,"name":"Consent"}]},{"@type":"WebSite","@id":"https:\/\/polorto.com.pl\/en\/#website","url":"https:\/\/polorto.com.pl\/en\/","name":"Polorto","description":"Od 30 lat w stomatologii","potentialAction":[{"@type":"SearchAction","target":{"@type":"EntryPoint","urlTemplate":"https:\/\/polorto.com.pl\/en\/?s={search_term_string}"},"query-input":{"@type":"PropertyValueSpecification","valueRequired":true,"valueName":"search_term_string"}}],"inLanguage":"en-GB"}]}},"_links":{"self":[{"href":"https:\/\/polorto.com.pl\/en\/wp-json\/wp\/v2\/pages\/10070","targetHints":{"allow":["GET"]}}],"collection":[{"href":"https:\/\/polorto.com.pl\/en\/wp-json\/wp\/v2\/pages"}],"about":[{"href":"https:\/\/polorto.com.pl\/en\/wp-json\/wp\/v2\/types\/page"}],"author":[{"embeddable":true,"href":"https:\/\/polorto.com.pl\/en\/wp-json\/wp\/v2\/users\/3"}],"replies":[{"embeddable":true,"href":"https:\/\/polorto.com.pl\/en\/wp-json\/wp\/v2\/comments?post=10070"}],"version-history":[{"count":4,"href":"https:\/\/polorto.com.pl\/en\/wp-json\/wp\/v2\/pages\/10070\/revisions"}],"predecessor-version":[{"id":14332,"href":"https:\/\/polorto.com.pl\/en\/wp-json\/wp\/v2\/pages\/10070\/revisions\/14332"}],"wp:attachment":[{"href":"https:\/\/polorto.com.pl\/en\/wp-json\/wp\/v2\/media?parent=10070"}],"wp:term":[{"taxonomy":"post_tag","embeddable":true,"href":"https:\/\/polorto.com.pl\/en\/wp-json\/wp\/v2\/tags?post=10070"}],"curies":[{"name":"wp","href":"https:\/\/api.w.org\/{rel}","templated":true}]}}